{"id":39901,"date":"2026-01-27T18:41:37","date_gmt":"2026-01-27T18:41:37","guid":{"rendered":"https:\/\/www.deporteseli.com\/?product=chaqueta-entrada-22"},"modified":"2026-03-07T05:39:07","modified_gmt":"2026-03-07T05:39:07","slug":"chaqueta-entrada-22","status":"publish","type":"product","link":"https:\/\/www.deporteseli.com\/?product=chaqueta-entrada-22","title":{"rendered":"CHAQUETA ENTRADA 22"},"content":{"rendered":"<p>PROTECCI\u00d3N PARA TI Y PARA EL MEDIOAMBIENTE  El f\u00fatbol no entiende de estaciones. No dejes que el mal tiempo te impida darlo todo en el terreno de juego. Prep\u00e1rate para enfrentarte a los elementos con esta chaqueta vers\u00e1til. La capucha y los pu\u00f1os el\u00e1sticos ayudan a retener el calor corporal, mientras que el cierre de cremallera favorece la ventilaci\u00f3n cuando la temperatura aumenta. Los bolsillos frontales con cremallera te permiten tener el m\u00f3vil y las llaves a mano cuando no est\u00e9s jugando.    Este producto se ha fabricado con un 100% de material reciclado. Su objetivo es plantear otra soluci\u00f3n m\u00e1s que ayude a eliminar los residuos pl\u00e1sticos.  Corte cl\u00e1sico  Cierre de cremallera y capucha  Tejido t\u00e9cnico 100% poli\u00e9ster reciclado  Bolsillos frontales con cremallera  Pu\u00f1os el\u00e1sticos  Color del art\u00edculo: Team Navy Blue 2  N\u00famero de art\u00edculo: IK4011                                                                                                                                                                                                                                                                                                                                                                                                                                                                                                                                                                                                                                                                                                                                                                                                                                                                                                                                                                                                                                        <\/p>\n","protected":false},"excerpt":{"rendered":"<p>CHAQUETA ENTRADA 22<\/p>\n","protected":false},"featured_media":53953,"template":"","meta":[],"product_brand":[],"product_cat":[256],"product_tag":[18],"class_list":{"0":"post-39901","1":"product","2":"type-product","3":"status-publish","4":"has-post-thumbnail","6":"product_cat-hombre_textil_chaquetas","7":"product_tag-adidas","8":"pa_color-unico","9":"pa_talla-xxl","10":"thunk-woo-product-list","11":"opn-qv-enable","12":"open-woo-hover-","13":"open-single-product-tab-horizontal","14":"open-shadow-","15":"open-shadow-hover-","17":"first","18":"instock","19":"shipping-taxable","20":"purchasable","21":"product-type-variable"},"jetpack_sharing_enabled":true,"_links":{"self":[{"href":"https:\/\/www.deporteseli.com\/index.php?rest_route=\/wp\/v2\/product\/39901","targetHints":{"allow":["GET"]}}],"collection":[{"href":"https:\/\/www.deporteseli.com\/index.php?rest_route=\/wp\/v2\/product"}],"about":[{"href":"https:\/\/www.deporteseli.com\/index.php?rest_route=\/wp\/v2\/types\/product"}],"wp:featuredmedia":[{"embeddable":true,"href":"https:\/\/www.deporteseli.com\/index.php?rest_route=\/wp\/v2\/media\/53953"}],"wp:attachment":[{"href":"https:\/\/www.deporteseli.com\/index.php?rest_route=%2Fwp%2Fv2%2Fmedia&parent=39901"}],"wp:term":[{"taxonomy":"product_brand","embeddable":true,"href":"https:\/\/www.deporteseli.com\/index.php?rest_route=%2Fwp%2Fv2%2Fproduct_brand&post=39901"},{"taxonomy":"product_cat","embeddable":true,"href":"https:\/\/www.deporteseli.com\/index.php?rest_route=%2Fwp%2Fv2%2Fproduct_cat&post=39901"},{"taxonomy":"product_tag","embeddable":true,"href":"https:\/\/www.deporteseli.com\/index.php?rest_route=%2Fwp%2Fv2%2Fproduct_tag&post=39901"}],"curies":[{"name":"wp","href":"https:\/\/api.w.org\/{rel}","templated":true}]}}