{"id":39897,"date":"2026-01-27T18:41:32","date_gmt":"2026-01-27T18:41:32","guid":{"rendered":"https:\/\/www.deporteseli.com\/?product=camisa-j-smith-batel-2"},"modified":"2026-03-07T05:39:06","modified_gmt":"2026-03-07T05:39:06","slug":"camisa-j-smith-batel-2","status":"publish","type":"product","link":"https:\/\/www.deporteseli.com\/?product=camisa-j-smith-batel-2","title":{"rendered":"CAMISA J.SMITH BATEL"},"content":{"rendered":"<p>Camiseta de manga corta de algod\u00f3n single jersey.    Cuello a la caja en rib.    Gr\u00e1fico posicional en el pecho.    Composici\u00f3n: 100% algod\u00f3n, single jersey.                                                                                                                                                                                                                                                                                                                                                                                                                                                                                                                                                                                                                                                                                                                                                                                                                                                                                                                                                                                                                                        <\/p>\n","protected":false},"excerpt":{"rendered":"<p>CAMISA J.SMITH BATEL<\/p>\n","protected":false},"featured_media":53951,"template":"","meta":[],"product_brand":[],"product_cat":[296],"product_tag":[43],"class_list":{"0":"post-39897","1":"product","2":"type-product","3":"status-publish","4":"has-post-thumbnail","6":"product_cat-nino_textil_camisetas","7":"product_tag-jhon_smith","8":"pa_color-unico","9":"pa_talla-t-10","10":"pa_talla-t-6","11":"pa_talla-t-8","12":"thunk-woo-product-list","13":"opn-qv-enable","14":"open-woo-hover-","15":"open-single-product-tab-horizontal","16":"open-shadow-","17":"open-shadow-hover-","19":"first","20":"instock","21":"shipping-taxable","22":"purchasable","23":"product-type-variable"},"jetpack_sharing_enabled":true,"_links":{"self":[{"href":"https:\/\/www.deporteseli.com\/index.php?rest_route=\/wp\/v2\/product\/39897","targetHints":{"allow":["GET"]}}],"collection":[{"href":"https:\/\/www.deporteseli.com\/index.php?rest_route=\/wp\/v2\/product"}],"about":[{"href":"https:\/\/www.deporteseli.com\/index.php?rest_route=\/wp\/v2\/types\/product"}],"wp:featuredmedia":[{"embeddable":true,"href":"https:\/\/www.deporteseli.com\/index.php?rest_route=\/wp\/v2\/media\/53951"}],"wp:attachment":[{"href":"https:\/\/www.deporteseli.com\/index.php?rest_route=%2Fwp%2Fv2%2Fmedia&parent=39897"}],"wp:term":[{"taxonomy":"product_brand","embeddable":true,"href":"https:\/\/www.deporteseli.com\/index.php?rest_route=%2Fwp%2Fv2%2Fproduct_brand&post=39897"},{"taxonomy":"product_cat","embeddable":true,"href":"https:\/\/www.deporteseli.com\/index.php?rest_route=%2Fwp%2Fv2%2Fproduct_cat&post=39897"},{"taxonomy":"product_tag","embeddable":true,"href":"https:\/\/www.deporteseli.com\/index.php?rest_route=%2Fwp%2Fv2%2Fproduct_tag&post=39897"}],"curies":[{"name":"wp","href":"https:\/\/api.w.org\/{rel}","templated":true}]}}