{"id":39890,"date":"2026-01-27T18:41:23","date_gmt":"2026-01-27T18:41:23","guid":{"rendered":"https:\/\/www.deporteseli.com\/?product=chandal-j-smith-binza-2"},"modified":"2026-03-07T05:38:56","modified_gmt":"2026-03-07T05:38:56","slug":"chandal-j-smith-binza-2","status":"publish","type":"product","link":"https:\/\/www.deporteseli.com\/?product=chandal-j-smith-binza-2","title":{"rendered":"CHANDAL J.SMITH BINZA"},"content":{"rendered":"<p>Ch\u00e1ndal de ni\u00f1a en felpa el\u00e1stica.    Chaqueta abierta con capucha.    Print en el delantero.    Pantal\u00f3n slim.    Bolsillos laterales.    Logo corporativo en la pierna.    Composici\u00f3n: 63% poli\u00e9ster\/34% algod\u00f3n, elastic french terry.    Tejido t\u00e9cnico: Stretch, que favorece la adaptabilidad y la elasticidad sin perder la forma.                                                                                                                                                                                                                                                                                                                                                                                                                                                                                                                                                                                                                                                                                                                                                                                                                                                                                                                                                                                                                                        <\/p>\n","protected":false},"excerpt":{"rendered":"<p>CHANDAL J.SMITH BINZA<\/p>\n","protected":false},"featured_media":53946,"template":"","meta":[],"product_brand":[],"product_cat":[380],"product_tag":[43],"class_list":{"0":"post-39890","1":"product","2":"type-product","3":"status-publish","4":"has-post-thumbnail","6":"product_cat-ninas_textil_chandals","7":"product_tag-jhon_smith","8":"pa_color-unico","9":"pa_talla-t-12","10":"thunk-woo-product-list","11":"opn-qv-enable","12":"open-woo-hover-","13":"open-single-product-tab-horizontal","14":"open-shadow-","15":"open-shadow-hover-","17":"first","18":"instock","19":"shipping-taxable","20":"purchasable","21":"product-type-variable"},"jetpack_sharing_enabled":true,"_links":{"self":[{"href":"https:\/\/www.deporteseli.com\/index.php?rest_route=\/wp\/v2\/product\/39890","targetHints":{"allow":["GET"]}}],"collection":[{"href":"https:\/\/www.deporteseli.com\/index.php?rest_route=\/wp\/v2\/product"}],"about":[{"href":"https:\/\/www.deporteseli.com\/index.php?rest_route=\/wp\/v2\/types\/product"}],"wp:featuredmedia":[{"embeddable":true,"href":"https:\/\/www.deporteseli.com\/index.php?rest_route=\/wp\/v2\/media\/53946"}],"wp:attachment":[{"href":"https:\/\/www.deporteseli.com\/index.php?rest_route=%2Fwp%2Fv2%2Fmedia&parent=39890"}],"wp:term":[{"taxonomy":"product_brand","embeddable":true,"href":"https:\/\/www.deporteseli.com\/index.php?rest_route=%2Fwp%2Fv2%2Fproduct_brand&post=39890"},{"taxonomy":"product_cat","embeddable":true,"href":"https:\/\/www.deporteseli.com\/index.php?rest_route=%2Fwp%2Fv2%2Fproduct_cat&post=39890"},{"taxonomy":"product_tag","embeddable":true,"href":"https:\/\/www.deporteseli.com\/index.php?rest_route=%2Fwp%2Fv2%2Fproduct_tag&post=39890"}],"curies":[{"name":"wp","href":"https:\/\/api.w.org\/{rel}","templated":true}]}}