{"id":39880,"date":"2026-01-27T18:41:11","date_gmt":"2026-01-27T18:41:11","guid":{"rendered":"https:\/\/www.deporteseli.com\/?product=chandal-j-smith-jaleo-2"},"modified":"2026-03-07T05:38:48","modified_gmt":"2026-03-07T05:38:48","slug":"chandal-j-smith-jaleo-2","status":"publish","type":"product","link":"https:\/\/www.deporteseli.com\/?product=chandal-j-smith-jaleo-2","title":{"rendered":"CHANDAL J.SMITH JALEO"},"content":{"rendered":"<p>Ch\u00e1ndal confeccionado en poli\u00e9ster tricot.    Paneles de tejido a contraste.    Logo corporativo en el pecho.    Pantal\u00f3n con cintura el\u00e1stica ajustable con cord\u00f3n.    Banda personalizada en el pantal\u00f3n.    Logo corporativo en la pierna.    Composici\u00f3n: 100% poli\u00e9ster tricot.                                                                                                                                                                                                                                                                                                                                                                                                                                                                                                                                                                                                                                                                                                                                                                                                                                                                                                                                                                                                                                        <\/p>\n","protected":false},"excerpt":{"rendered":"<p>CHANDAL J.SMITH JALEO<\/p>\n","protected":false},"featured_media":53940,"template":"","meta":[],"product_brand":[],"product_cat":[298],"product_tag":[43],"class_list":{"0":"post-39880","1":"product","2":"type-product","3":"status-publish","4":"has-post-thumbnail","6":"product_cat-nino_textil_chandals","7":"product_tag-jhon_smith","8":"pa_color-unico","9":"pa_talla-t-12","10":"pa_talla-t-14","11":"pa_talla-t-8","12":"thunk-woo-product-list","13":"opn-qv-enable","14":"open-woo-hover-","15":"open-single-product-tab-horizontal","16":"open-shadow-","17":"open-shadow-hover-","19":"first","20":"instock","21":"shipping-taxable","22":"purchasable","23":"product-type-variable"},"jetpack_sharing_enabled":true,"_links":{"self":[{"href":"https:\/\/www.deporteseli.com\/index.php?rest_route=\/wp\/v2\/product\/39880","targetHints":{"allow":["GET"]}}],"collection":[{"href":"https:\/\/www.deporteseli.com\/index.php?rest_route=\/wp\/v2\/product"}],"about":[{"href":"https:\/\/www.deporteseli.com\/index.php?rest_route=\/wp\/v2\/types\/product"}],"wp:featuredmedia":[{"embeddable":true,"href":"https:\/\/www.deporteseli.com\/index.php?rest_route=\/wp\/v2\/media\/53940"}],"wp:attachment":[{"href":"https:\/\/www.deporteseli.com\/index.php?rest_route=%2Fwp%2Fv2%2Fmedia&parent=39880"}],"wp:term":[{"taxonomy":"product_brand","embeddable":true,"href":"https:\/\/www.deporteseli.com\/index.php?rest_route=%2Fwp%2Fv2%2Fproduct_brand&post=39880"},{"taxonomy":"product_cat","embeddable":true,"href":"https:\/\/www.deporteseli.com\/index.php?rest_route=%2Fwp%2Fv2%2Fproduct_cat&post=39880"},{"taxonomy":"product_tag","embeddable":true,"href":"https:\/\/www.deporteseli.com\/index.php?rest_route=%2Fwp%2Fv2%2Fproduct_tag&post=39880"}],"curies":[{"name":"wp","href":"https:\/\/api.w.org\/{rel}","templated":true}]}}