{"id":39878,"date":"2026-01-27T18:41:08","date_gmt":"2026-01-27T18:41:08","guid":{"rendered":"https:\/\/www.deporteseli.com\/?product=chandal-puma-622641"},"modified":"2026-03-07T05:38:44","modified_gmt":"2026-03-07T05:38:44","slug":"chandal-puma-622641","status":"publish","type":"product","link":"https:\/\/www.deporteseli.com\/?product=chandal-puma-622641","title":{"rendered":"CHANDAL PUMA 622641"},"content":{"rendered":"<p>Ponte este ch\u00e1ndal y disfruta de tus momentos de ocio con estilo. Con un estilo deportivo atrevido ideal dentro y fuera del gimnasio, presenta un dise\u00f1o en bloques de color y detalles de la marca PUMA metalizados que atraer\u00e1n todas las miradas.      CARACTER\u00cdSTICAS   BENEFICIOS  Algod\u00f3n m\u00e1s sostenible: el algod\u00f3n de los productos de PUMA procede de plantaciones que aplican los principios de la agricultura sostenible, como la eficiencia h\u00eddrica y la protecci\u00f3n de la salud del suelo. M\u00e1s informaci\u00f3n: PUMA.com\/FOREVERBETTER  Contenido reciclado: fabricado con al menos un 20 % de material reciclado en su composici\u00f3n como paso hacia un futuro mejor                                                                                                                                                                                                                                                                                                                                                                                                                                                                                                                                                                                                                                                                                                                                                                                                                                                                                                                                                                                                                                        <\/p>\n","protected":false},"excerpt":{"rendered":"<p>CHANDAL PUMA 622641<\/p>\n","protected":false},"featured_media":53936,"template":"","meta":[],"product_brand":[],"product_cat":[273],"product_tag":[32],"class_list":{"0":"post-39878","1":"product","2":"type-product","3":"status-publish","4":"has-post-thumbnail","6":"product_cat-mujer_textil_chandals","7":"product_tag-puma","8":"pa_color-marino","9":"pa_talla-35-38","10":"thunk-woo-product-list","11":"opn-qv-enable","12":"open-woo-hover-","13":"open-single-product-tab-horizontal","14":"open-shadow-","15":"open-shadow-hover-","17":"first","18":"instock","19":"shipping-taxable","20":"purchasable","21":"product-type-variable"},"jetpack_sharing_enabled":true,"_links":{"self":[{"href":"https:\/\/www.deporteseli.com\/index.php?rest_route=\/wp\/v2\/product\/39878","targetHints":{"allow":["GET"]}}],"collection":[{"href":"https:\/\/www.deporteseli.com\/index.php?rest_route=\/wp\/v2\/product"}],"about":[{"href":"https:\/\/www.deporteseli.com\/index.php?rest_route=\/wp\/v2\/types\/product"}],"wp:featuredmedia":[{"embeddable":true,"href":"https:\/\/www.deporteseli.com\/index.php?rest_route=\/wp\/v2\/media\/53936"}],"wp:attachment":[{"href":"https:\/\/www.deporteseli.com\/index.php?rest_route=%2Fwp%2Fv2%2Fmedia&parent=39878"}],"wp:term":[{"taxonomy":"product_brand","embeddable":true,"href":"https:\/\/www.deporteseli.com\/index.php?rest_route=%2Fwp%2Fv2%2Fproduct_brand&post=39878"},{"taxonomy":"product_cat","embeddable":true,"href":"https:\/\/www.deporteseli.com\/index.php?rest_route=%2Fwp%2Fv2%2Fproduct_cat&post=39878"},{"taxonomy":"product_tag","embeddable":true,"href":"https:\/\/www.deporteseli.com\/index.php?rest_route=%2Fwp%2Fv2%2Fproduct_tag&post=39878"}],"curies":[{"name":"wp","href":"https:\/\/api.w.org\/{rel}","templated":true}]}}