{"id":39868,"date":"2026-01-27T18:40:54","date_gmt":"2026-01-27T18:40:54","guid":{"rendered":"https:\/\/www.deporteseli.com\/?product=pant-j-smith-mistrato"},"modified":"2026-03-07T05:38:37","modified_gmt":"2026-03-07T05:38:37","slug":"pant-j-smith-mistrato","status":"publish","type":"product","link":"https:\/\/www.deporteseli.com\/?product=pant-j-smith-mistrato","title":{"rendered":"PANT J.SMITH MISTRATO"},"content":{"rendered":"<p>Pantal\u00f3n largo recto de algod\u00f3..    Bolsillos laterales con cremallera.    Composici\u00f3n: 88% algod\u00f3n\/12% poli\u00e9ster, backside brushed.                                                                                                                                                                                                                                                                                                                                                                                                                                                                                                                                                                                                                                                                                                                                                                                                                                                                                                                                                                                                                                        <\/p>\n","protected":false},"excerpt":{"rendered":"<p>PANT J.SMITH MISTRATO<\/p>\n","protected":false},"featured_media":53928,"template":"","meta":[],"product_brand":[],"product_cat":[252],"product_tag":[43],"class_list":{"0":"post-39868","1":"product","2":"type-product","3":"status-publish","4":"has-post-thumbnail","6":"product_cat-hombre_textil_pantalones","7":"product_tag-jhon_smith","8":"pa_color-unico","9":"pa_talla-m","10":"pa_talla-xl","11":"pa_talla-xxl","12":"thunk-woo-product-list","13":"opn-qv-enable","14":"open-woo-hover-","15":"open-single-product-tab-horizontal","16":"open-shadow-","17":"open-shadow-hover-","19":"first","20":"instock","21":"shipping-taxable","22":"purchasable","23":"product-type-variable"},"jetpack_sharing_enabled":true,"_links":{"self":[{"href":"https:\/\/www.deporteseli.com\/index.php?rest_route=\/wp\/v2\/product\/39868","targetHints":{"allow":["GET"]}}],"collection":[{"href":"https:\/\/www.deporteseli.com\/index.php?rest_route=\/wp\/v2\/product"}],"about":[{"href":"https:\/\/www.deporteseli.com\/index.php?rest_route=\/wp\/v2\/types\/product"}],"wp:featuredmedia":[{"embeddable":true,"href":"https:\/\/www.deporteseli.com\/index.php?rest_route=\/wp\/v2\/media\/53928"}],"wp:attachment":[{"href":"https:\/\/www.deporteseli.com\/index.php?rest_route=%2Fwp%2Fv2%2Fmedia&parent=39868"}],"wp:term":[{"taxonomy":"product_brand","embeddable":true,"href":"https:\/\/www.deporteseli.com\/index.php?rest_route=%2Fwp%2Fv2%2Fproduct_brand&post=39868"},{"taxonomy":"product_cat","embeddable":true,"href":"https:\/\/www.deporteseli.com\/index.php?rest_route=%2Fwp%2Fv2%2Fproduct_cat&post=39868"},{"taxonomy":"product_tag","embeddable":true,"href":"https:\/\/www.deporteseli.com\/index.php?rest_route=%2Fwp%2Fv2%2Fproduct_tag&post=39868"}],"curies":[{"name":"wp","href":"https:\/\/api.w.org\/{rel}","templated":true}]}}