{"id":39865,"date":"2026-01-27T18:40:50","date_gmt":"2026-01-27T18:40:50","guid":{"rendered":"https:\/\/www.deporteseli.com\/?product=chandal-j-smith-junta"},"modified":"2026-03-07T05:38:33","modified_gmt":"2026-03-07T05:38:33","slug":"chandal-j-smith-junta","status":"publish","type":"product","link":"https:\/\/www.deporteseli.com\/?product=chandal-j-smith-junta","title":{"rendered":"CHANDAL J.SMITH JUNTA"},"content":{"rendered":"<p>Ch\u00e1ndal confeccionado en felpa con interior perchado.    Chaqueta con paneles de tejido a contraste.    Bolsillos laterales.    Bajo el\u00e1stico.    Logo corporativo en el pecho.    Pantal\u00f3n con cintura el\u00e1stica ajustable con cord\u00f3n.    Bolsillo laterales en el pantal\u00f3n.    Bajo recto.    Logo corporativo en la pierna.    Composici\u00f3n: 65% poli\u00e9ster\/35% algod\u00f3n, backside brushed.                                                                                                                                                                                                                                                                                                                                                                                                                                                                                                                                                                                                                                                                                                                                                                                                                                                                                                                                                                                                                                        <\/p>\n","protected":false},"excerpt":{"rendered":"<p>CHANDAL J.SMITH JUNTA<\/p>\n","protected":false},"featured_media":53925,"template":"","meta":[],"product_brand":[],"product_cat":[248],"product_tag":[43],"class_list":{"0":"post-39865","1":"product","2":"type-product","3":"status-publish","4":"has-post-thumbnail","6":"product_cat-hombre_textil_chandals","7":"product_tag-jhon_smith","8":"pa_color-unico","9":"pa_talla-m","10":"pa_talla-s","11":"thunk-woo-product-list","12":"opn-qv-enable","13":"open-woo-hover-","14":"open-single-product-tab-horizontal","15":"open-shadow-","16":"open-shadow-hover-","18":"first","19":"instock","20":"shipping-taxable","21":"purchasable","22":"product-type-variable"},"jetpack_sharing_enabled":true,"_links":{"self":[{"href":"https:\/\/www.deporteseli.com\/index.php?rest_route=\/wp\/v2\/product\/39865","targetHints":{"allow":["GET"]}}],"collection":[{"href":"https:\/\/www.deporteseli.com\/index.php?rest_route=\/wp\/v2\/product"}],"about":[{"href":"https:\/\/www.deporteseli.com\/index.php?rest_route=\/wp\/v2\/types\/product"}],"wp:featuredmedia":[{"embeddable":true,"href":"https:\/\/www.deporteseli.com\/index.php?rest_route=\/wp\/v2\/media\/53925"}],"wp:attachment":[{"href":"https:\/\/www.deporteseli.com\/index.php?rest_route=%2Fwp%2Fv2%2Fmedia&parent=39865"}],"wp:term":[{"taxonomy":"product_brand","embeddable":true,"href":"https:\/\/www.deporteseli.com\/index.php?rest_route=%2Fwp%2Fv2%2Fproduct_brand&post=39865"},{"taxonomy":"product_cat","embeddable":true,"href":"https:\/\/www.deporteseli.com\/index.php?rest_route=%2Fwp%2Fv2%2Fproduct_cat&post=39865"},{"taxonomy":"product_tag","embeddable":true,"href":"https:\/\/www.deporteseli.com\/index.php?rest_route=%2Fwp%2Fv2%2Fproduct_tag&post=39865"}],"curies":[{"name":"wp","href":"https:\/\/api.w.org\/{rel}","templated":true}]}}