{"id":39863,"date":"2026-01-27T18:40:47","date_gmt":"2026-01-27T18:40:47","guid":{"rendered":"https:\/\/www.deporteseli.com\/?product=chandal-j-smith-jaleo"},"modified":"2026-03-07T05:38:30","modified_gmt":"2026-03-07T05:38:30","slug":"chandal-j-smith-jaleo","status":"publish","type":"product","link":"https:\/\/www.deporteseli.com\/?product=chandal-j-smith-jaleo","title":{"rendered":"CHANDAL J.SMITH JALEO"},"content":{"rendered":"<p>Ch\u00e1ndal confeccionado en poli\u00e9ster tricot.    Paneles de tejido a contraste.    Logo corporativo en el pecho.    Pantal\u00f3n con cintura el\u00e1stica ajustable con cord\u00f3n.    Banda personalizada en el pantal\u00f3n.    Logo corporativo en la pierna.    Composici\u00f3n: 100% poli\u00e9ster tricot.                                                                                                                                                                                                                                                                                                                                                                                                                                                                                                                                                                                                                                                                                                                                                                                                                                                                                                                                                                                                                                        <\/p>\n","protected":false},"excerpt":{"rendered":"<p>CHANDAL J.SMITH JALEO<\/p>\n","protected":false},"featured_media":53922,"template":"","meta":[],"product_brand":[],"product_cat":[248],"product_tag":[43],"class_list":{"0":"post-39863","1":"product","2":"type-product","3":"status-publish","4":"has-post-thumbnail","6":"product_cat-hombre_textil_chandals","7":"product_tag-jhon_smith","8":"pa_color-unico","9":"pa_talla-s","10":"thunk-woo-product-list","11":"opn-qv-enable","12":"open-woo-hover-","13":"open-single-product-tab-horizontal","14":"open-shadow-","15":"open-shadow-hover-","17":"first","18":"instock","19":"shipping-taxable","20":"purchasable","21":"product-type-variable"},"jetpack_sharing_enabled":true,"_links":{"self":[{"href":"https:\/\/www.deporteseli.com\/index.php?rest_route=\/wp\/v2\/product\/39863","targetHints":{"allow":["GET"]}}],"collection":[{"href":"https:\/\/www.deporteseli.com\/index.php?rest_route=\/wp\/v2\/product"}],"about":[{"href":"https:\/\/www.deporteseli.com\/index.php?rest_route=\/wp\/v2\/types\/product"}],"wp:featuredmedia":[{"embeddable":true,"href":"https:\/\/www.deporteseli.com\/index.php?rest_route=\/wp\/v2\/media\/53922"}],"wp:attachment":[{"href":"https:\/\/www.deporteseli.com\/index.php?rest_route=%2Fwp%2Fv2%2Fmedia&parent=39863"}],"wp:term":[{"taxonomy":"product_brand","embeddable":true,"href":"https:\/\/www.deporteseli.com\/index.php?rest_route=%2Fwp%2Fv2%2Fproduct_brand&post=39863"},{"taxonomy":"product_cat","embeddable":true,"href":"https:\/\/www.deporteseli.com\/index.php?rest_route=%2Fwp%2Fv2%2Fproduct_cat&post=39863"},{"taxonomy":"product_tag","embeddable":true,"href":"https:\/\/www.deporteseli.com\/index.php?rest_route=%2Fwp%2Fv2%2Fproduct_tag&post=39863"}],"curies":[{"name":"wp","href":"https:\/\/api.w.org\/{rel}","templated":true}]}}