{"id":39853,"date":"2026-01-27T18:40:35","date_gmt":"2026-01-27T18:40:35","guid":{"rendered":"https:\/\/www.deporteseli.com\/?product=tenis-j-smith-ceten"},"modified":"2026-01-27T18:40:41","modified_gmt":"2026-01-27T18:40:41","slug":"tenis-j-smith-ceten","status":"publish","type":"product","link":"https:\/\/www.deporteseli.com\/?product=tenis-j-smith-ceten","title":{"rendered":"TENIS J.SMITH CETEN"},"content":{"rendered":"<p>Zapatilla cl\u00e1sica para el uso en el d\u00eda a d\u00eda de nuestros peque\u00f1os. La suela de goma, con su dise\u00f1o multiterreno, nos proporciona la robustez y resistencia necesarias, mientras que la combinaci\u00f3n de materiales sint\u00e9ticos de alta densidad del corte, redundan en dicha resistencia. El doble velcro permite a los peque\u00f1os calzarse solos sus JOHN SMITH. Por \u00faltimo, el toque final de la zapatilla lo proporciona su plantilla, hecha en piel, aporta las condiciones de transpirabilidad y anti transpiraci\u00f3n \u00f3ptimas para los peque\u00f1os.    Tecnolog\u00edas:    Rubberlast: calidad de goma ideal para uso cotidiano.    Velcro: ajuste con tiras de velcro.    Leather Upper: corte de piel natural para una mejor temperatura del pi\u00e9.    Kid care concept: funci\u00f3n y ergonom\u00eda adaptadas al pi\u00e9 infantil.                                                                                                                                                                                                                                                                                                                                                                                                                                                                                                                                                                                                                                                                                                                                                                                                                                                                                                                                                                                                                                        <\/p>\n","protected":false},"excerpt":{"rendered":"<p>TENIS J.SMITH CETEN<\/p>\n","protected":false},"featured_media":53916,"template":"","meta":[],"product_brand":[],"product_cat":[310],"product_tag":[43],"class_list":{"0":"post-39853","1":"product","2":"type-product","3":"status-publish","4":"has-post-thumbnail","6":"product_cat-nino_calzado_casual","7":"product_tag-jhon_smith","8":"pa_color-unico","9":"pa_talla-117","10":"pa_talla-119","11":"pa_talla-125","12":"pa_talla-129","13":"pa_talla-131","14":"thunk-woo-product-list","15":"opn-qv-enable","16":"open-woo-hover-","17":"open-single-product-tab-horizontal","18":"open-shadow-","19":"open-shadow-hover-","21":"first","22":"instock","23":"sale","24":"shipping-taxable","25":"purchasable","26":"product-type-variable"},"jetpack_sharing_enabled":true,"_links":{"self":[{"href":"https:\/\/www.deporteseli.com\/index.php?rest_route=\/wp\/v2\/product\/39853","targetHints":{"allow":["GET"]}}],"collection":[{"href":"https:\/\/www.deporteseli.com\/index.php?rest_route=\/wp\/v2\/product"}],"about":[{"href":"https:\/\/www.deporteseli.com\/index.php?rest_route=\/wp\/v2\/types\/product"}],"wp:featuredmedia":[{"embeddable":true,"href":"https:\/\/www.deporteseli.com\/index.php?rest_route=\/wp\/v2\/media\/53916"}],"wp:attachment":[{"href":"https:\/\/www.deporteseli.com\/index.php?rest_route=%2Fwp%2Fv2%2Fmedia&parent=39853"}],"wp:term":[{"taxonomy":"product_brand","embeddable":true,"href":"https:\/\/www.deporteseli.com\/index.php?rest_route=%2Fwp%2Fv2%2Fproduct_brand&post=39853"},{"taxonomy":"product_cat","embeddable":true,"href":"https:\/\/www.deporteseli.com\/index.php?rest_route=%2Fwp%2Fv2%2Fproduct_cat&post=39853"},{"taxonomy":"product_tag","embeddable":true,"href":"https:\/\/www.deporteseli.com\/index.php?rest_route=%2Fwp%2Fv2%2Fproduct_tag&post=39853"}],"curies":[{"name":"wp","href":"https:\/\/api.w.org\/{rel}","templated":true}]}}