{"id":39848,"date":"2026-01-27T18:40:29","date_gmt":"2026-01-27T18:40:29","guid":{"rendered":"https:\/\/www.deporteseli.com\/?product=leggings-heatgear"},"modified":"2026-03-29T04:19:07","modified_gmt":"2026-03-29T04:19:07","slug":"leggings-heatgear","status":"publish","type":"product","link":"https:\/\/www.deporteseli.com\/?product=leggings-heatgear","title":{"rendered":"LEGGINGS HEATGEAR"},"content":{"rendered":"<p>Las prendas HeatGear\u00ae son nuestras prendas interiores de alto rendimiento cl\u00e1sicas: aquellas que te pones antes que nada y te quitas al final. Ahora son m\u00e1s c\u00f3modas, ya que capilarizan el sudor y se estiran para que puedas moverte hagas lo que hagas.  Tejido HeatGear\u00ae superligero que ofrece una protecci\u00f3n superior sin a\u00f1adir peso  Material que capilariza el sudor y se seca r\u00e1pidamente  Confecci\u00f3n con material el\u00e1stico en 4 direcciones que permite una mayor movilidad en cualquier direcci\u00f3n  Costuras planas ergon\u00f3micas para proporcionar un ajuste c\u00f3modo y sin roces  Cintura alta UA No-Slip para una protecci\u00f3n y una sujeci\u00f3n \u00f3ptimas que se adapta a todos tus movimientos  Bolsillo lateral profundo  N\u00fam. de producto: 1365336  Entrepierna: 74 cm  Bolsillos: s\u00ed  87 % poli\u00e9ster\/13 % elastano  Producto importado                                                                                                                                                                                                                                                                                                                                                                                                                                                                                                                                                                                                                                                                                                                                                                                                                                                                                                                                                                                                                                        <\/p>\n","protected":false},"excerpt":{"rendered":"<p>LEGGINGS HEATGEAR<\/p>\n","protected":false},"featured_media":53909,"template":"","meta":[],"product_brand":[],"product_cat":[281],"product_tag":[81],"class_list":{"0":"post-39848","1":"product","2":"type-product","3":"status-publish","4":"has-post-thumbnail","6":"product_cat-mujer_textil_mallas","7":"product_tag-under_armour","8":"pa_color-unico","9":"pa_talla-s","10":"pa_talla-xs","11":"thunk-woo-product-list","12":"opn-qv-enable","13":"open-woo-hover-","14":"open-single-product-tab-horizontal","15":"open-shadow-","16":"open-shadow-hover-","18":"first","19":"instock","20":"shipping-taxable","21":"purchasable","22":"product-type-variable"},"jetpack_sharing_enabled":true,"_links":{"self":[{"href":"https:\/\/www.deporteseli.com\/index.php?rest_route=\/wp\/v2\/product\/39848","targetHints":{"allow":["GET"]}}],"collection":[{"href":"https:\/\/www.deporteseli.com\/index.php?rest_route=\/wp\/v2\/product"}],"about":[{"href":"https:\/\/www.deporteseli.com\/index.php?rest_route=\/wp\/v2\/types\/product"}],"wp:featuredmedia":[{"embeddable":true,"href":"https:\/\/www.deporteseli.com\/index.php?rest_route=\/wp\/v2\/media\/53909"}],"wp:attachment":[{"href":"https:\/\/www.deporteseli.com\/index.php?rest_route=%2Fwp%2Fv2%2Fmedia&parent=39848"}],"wp:term":[{"taxonomy":"product_brand","embeddable":true,"href":"https:\/\/www.deporteseli.com\/index.php?rest_route=%2Fwp%2Fv2%2Fproduct_brand&post=39848"},{"taxonomy":"product_cat","embeddable":true,"href":"https:\/\/www.deporteseli.com\/index.php?rest_route=%2Fwp%2Fv2%2Fproduct_cat&post=39848"},{"taxonomy":"product_tag","embeddable":true,"href":"https:\/\/www.deporteseli.com\/index.php?rest_route=%2Fwp%2Fv2%2Fproduct_tag&post=39848"}],"curies":[{"name":"wp","href":"https:\/\/api.w.org\/{rel}","templated":true}]}}