{"id":39839,"date":"2026-01-27T18:40:15","date_gmt":"2026-01-27T18:40:15","guid":{"rendered":"https:\/\/www.deporteseli.com\/?product=camiseta-de-manga-corta-ua-tech"},"modified":"2026-03-07T05:38:24","modified_gmt":"2026-03-07T05:38:24","slug":"camiseta-de-manga-corta-ua-tech","status":"publish","type":"product","link":"https:\/\/www.deporteseli.com\/?product=camiseta-de-manga-corta-ua-tech","title":{"rendered":"CAMISETA DE MANGA CORTA UA TECH\u2122"},"content":{"rendered":"<p>UA Tech\u2122 es nuestra equipaci\u00f3n de entrenamiento original imprescindible. Es amplia y ligera, y mantiene la frescura. Por eso, esta camiseta de entrenamiento para hombre es todo lo que necesitas.  Tejido UA Tech\u2122 de secado r\u00e1pido, ultrasuave y de tacto m\u00e1s natural  Material que capilariza el sudor y se seca r\u00e1pidamente  Nuevo ajuste entallado y bajo contorneado                                                                                                                                                                                                                                                                                                                                                                                                                                                                                                                                                                                                                                                                                                                                                                                                                                                                                                                                                                                                                                        <\/p>\n","protected":false},"excerpt":{"rendered":"<p>CAMISETA DE MANGA CORTA UA TECH\u2122<\/p>\n","protected":false},"featured_media":53905,"template":"","meta":[],"product_brand":[],"product_cat":[245],"product_tag":[81],"class_list":{"0":"post-39839","1":"product","2":"type-product","3":"status-publish","4":"has-post-thumbnail","6":"product_cat-hombre_textil_camisetas","7":"product_tag-under_armour","8":"pa_color-unico","9":"pa_talla-l","10":"pa_talla-m","11":"pa_talla-s","12":"thunk-woo-product-list","13":"opn-qv-enable","14":"open-woo-hover-","15":"open-single-product-tab-horizontal","16":"open-shadow-","17":"open-shadow-hover-","19":"first","20":"instock","21":"shipping-taxable","22":"purchasable","23":"product-type-variable"},"jetpack_sharing_enabled":true,"_links":{"self":[{"href":"https:\/\/www.deporteseli.com\/index.php?rest_route=\/wp\/v2\/product\/39839","targetHints":{"allow":["GET"]}}],"collection":[{"href":"https:\/\/www.deporteseli.com\/index.php?rest_route=\/wp\/v2\/product"}],"about":[{"href":"https:\/\/www.deporteseli.com\/index.php?rest_route=\/wp\/v2\/types\/product"}],"wp:featuredmedia":[{"embeddable":true,"href":"https:\/\/www.deporteseli.com\/index.php?rest_route=\/wp\/v2\/media\/53905"}],"wp:attachment":[{"href":"https:\/\/www.deporteseli.com\/index.php?rest_route=%2Fwp%2Fv2%2Fmedia&parent=39839"}],"wp:term":[{"taxonomy":"product_brand","embeddable":true,"href":"https:\/\/www.deporteseli.com\/index.php?rest_route=%2Fwp%2Fv2%2Fproduct_brand&post=39839"},{"taxonomy":"product_cat","embeddable":true,"href":"https:\/\/www.deporteseli.com\/index.php?rest_route=%2Fwp%2Fv2%2Fproduct_cat&post=39839"},{"taxonomy":"product_tag","embeddable":true,"href":"https:\/\/www.deporteseli.com\/index.php?rest_route=%2Fwp%2Fv2%2Fproduct_tag&post=39839"}],"curies":[{"name":"wp","href":"https:\/\/api.w.org\/{rel}","templated":true}]}}