{"id":39822,"date":"2026-01-27T18:39:55","date_gmt":"2026-01-27T18:39:55","guid":{"rendered":"https:\/\/www.deporteseli.com\/?product=sudadera-con-capucha-de-tejido-fleece"},"modified":"2026-03-07T05:38:08","modified_gmt":"2026-03-07T05:38:08","slug":"sudadera-con-capucha-de-tejido-fleece","status":"publish","type":"product","link":"https:\/\/www.deporteseli.com\/?product=sudadera-con-capucha-de-tejido-fleece","title":{"rendered":"SUDADERA CON CAPUCHA DE TEJIDO FLEECE"},"content":{"rendered":"<p>Esta equipaci\u00f3n resulta perfecta para cualquier actividad, ya que es c\u00e1lida, ligera y c\u00f3moda, y cuenta con un interior supersuave.  Tejido Fleece de mezcla de algod\u00f3n ultrasuave con interior cepillado para una mayor calidez  Bolsillo delantero tipo canguro  Pu\u00f1os y bajo acanalados  N\u00fam. de producto: 1379758  80 % algod\u00f3n\/20 % poli\u00e9ster                                                                                                                                                                                                                                                                                                                                                                                                                                                                                                                                                                                                                                                                                                                                                                                                                                                                                                                                                                                                                                        <\/p>\n","protected":false},"excerpt":{"rendered":"<p>SUDADERA CON CAPUCHA DE TEJIDO FLEECE<\/p>\n","protected":false},"featured_media":53900,"template":"","meta":[],"product_brand":[],"product_cat":[253],"product_tag":[81],"class_list":{"0":"post-39822","1":"product","2":"type-product","3":"status-publish","4":"has-post-thumbnail","6":"product_cat-hombre_textil_sudaderas","7":"product_tag-under_armour","8":"pa_color-unico","9":"pa_talla-l","10":"pa_talla-m","11":"pa_talla-s","12":"pa_talla-xl","13":"pa_talla-xxl","14":"thunk-woo-product-list","15":"opn-qv-enable","16":"open-woo-hover-","17":"open-single-product-tab-horizontal","18":"open-shadow-","19":"open-shadow-hover-","21":"first","22":"instock","23":"shipping-taxable","24":"purchasable","25":"product-type-variable"},"jetpack_sharing_enabled":true,"_links":{"self":[{"href":"https:\/\/www.deporteseli.com\/index.php?rest_route=\/wp\/v2\/product\/39822","targetHints":{"allow":["GET"]}}],"collection":[{"href":"https:\/\/www.deporteseli.com\/index.php?rest_route=\/wp\/v2\/product"}],"about":[{"href":"https:\/\/www.deporteseli.com\/index.php?rest_route=\/wp\/v2\/types\/product"}],"wp:featuredmedia":[{"embeddable":true,"href":"https:\/\/www.deporteseli.com\/index.php?rest_route=\/wp\/v2\/media\/53900"}],"wp:attachment":[{"href":"https:\/\/www.deporteseli.com\/index.php?rest_route=%2Fwp%2Fv2%2Fmedia&parent=39822"}],"wp:term":[{"taxonomy":"product_brand","embeddable":true,"href":"https:\/\/www.deporteseli.com\/index.php?rest_route=%2Fwp%2Fv2%2Fproduct_brand&post=39822"},{"taxonomy":"product_cat","embeddable":true,"href":"https:\/\/www.deporteseli.com\/index.php?rest_route=%2Fwp%2Fv2%2Fproduct_cat&post=39822"},{"taxonomy":"product_tag","embeddable":true,"href":"https:\/\/www.deporteseli.com\/index.php?rest_route=%2Fwp%2Fv2%2Fproduct_tag&post=39822"}],"curies":[{"name":"wp","href":"https:\/\/api.w.org\/{rel}","templated":true}]}}