{"id":39812,"date":"2026-01-27T18:39:43","date_gmt":"2026-01-27T18:39:43","guid":{"rendered":"https:\/\/www.deporteseli.com\/?product=camiseta-de-manga-corta-ua-gl-3"},"modified":"2026-03-07T05:37:53","modified_gmt":"2026-03-07T05:37:53","slug":"camiseta-de-manga-corta-ua-gl-3","status":"publish","type":"product","link":"https:\/\/www.deporteseli.com\/?product=camiseta-de-manga-corta-ua-gl-3","title":{"rendered":"CAMISETA DE MANGA CORTA UA GL"},"content":{"rendered":"<p>Todo el mundo hace T gr\u00e1ficas&#8230; pero Under Armour las hace mejores. El tejido que utilizamos es ligero, suave y de secado r\u00e1pido.  Charged Cotton\u00ae tiene la comodidad del algod\u00f3n, pero se seca mucho m\u00e1s r\u00e1pido  El material el\u00e1stico en 4 direcciones se mueve mejor en todas las direcciones.Estilo  : 1326849                                                                                                                                                                                                                                                                                                                                                                                                                                                                                                                                                                                                                                                                                                                                                                                                                                                                                                                                                                                                                                        <\/p>\n","protected":false},"excerpt":{"rendered":"<p>CAMISETA DE MANGA CORTA UA GL<\/p>\n","protected":false},"featured_media":53895,"template":"","meta":[],"product_brand":[],"product_cat":[245],"product_tag":[81],"class_list":{"0":"post-39812","1":"product","2":"type-product","3":"status-publish","4":"has-post-thumbnail","6":"product_cat-hombre_textil_camisetas","7":"product_tag-under_armour","8":"pa_color-unico","9":"pa_talla-s","10":"pa_talla-xl","11":"thunk-woo-product-list","12":"opn-qv-enable","13":"open-woo-hover-","14":"open-single-product-tab-horizontal","15":"open-shadow-","16":"open-shadow-hover-","18":"first","19":"instock","20":"shipping-taxable","21":"purchasable","22":"product-type-variable"},"jetpack_sharing_enabled":true,"_links":{"self":[{"href":"https:\/\/www.deporteseli.com\/index.php?rest_route=\/wp\/v2\/product\/39812","targetHints":{"allow":["GET"]}}],"collection":[{"href":"https:\/\/www.deporteseli.com\/index.php?rest_route=\/wp\/v2\/product"}],"about":[{"href":"https:\/\/www.deporteseli.com\/index.php?rest_route=\/wp\/v2\/types\/product"}],"wp:featuredmedia":[{"embeddable":true,"href":"https:\/\/www.deporteseli.com\/index.php?rest_route=\/wp\/v2\/media\/53895"}],"wp:attachment":[{"href":"https:\/\/www.deporteseli.com\/index.php?rest_route=%2Fwp%2Fv2%2Fmedia&parent=39812"}],"wp:term":[{"taxonomy":"product_brand","embeddable":true,"href":"https:\/\/www.deporteseli.com\/index.php?rest_route=%2Fwp%2Fv2%2Fproduct_brand&post=39812"},{"taxonomy":"product_cat","embeddable":true,"href":"https:\/\/www.deporteseli.com\/index.php?rest_route=%2Fwp%2Fv2%2Fproduct_cat&post=39812"},{"taxonomy":"product_tag","embeddable":true,"href":"https:\/\/www.deporteseli.com\/index.php?rest_route=%2Fwp%2Fv2%2Fproduct_tag&post=39812"}],"curies":[{"name":"wp","href":"https:\/\/api.w.org\/{rel}","templated":true}]}}