{"id":39808,"date":"2026-01-27T18:39:38","date_gmt":"2026-01-27T18:39:38","guid":{"rendered":"https:\/\/www.deporteseli.com\/?product=camiseta-de-manga-corta-ua-gl"},"modified":"2026-03-07T05:37:47","modified_gmt":"2026-03-07T05:37:47","slug":"camiseta-de-manga-corta-ua-gl","status":"publish","type":"product","link":"https:\/\/www.deporteseli.com\/?product=camiseta-de-manga-corta-ua-gl","title":{"rendered":"CAMISETA DE MANGA CORTA UA GL"},"content":{"rendered":"<p>Todo el mundo hace T gr\u00e1ficas&#8230; pero Under Armour las hace mejores. El tejido que utilizamos es ligero, suave y de secado r\u00e1pido.  Charged Cotton\u00ae tiene la comodidad del algod\u00f3n, pero se seca mucho m\u00e1s r\u00e1pido  El material el\u00e1stico en 4 direcciones se mueve mejor en todas las direcciones.Estilo  : 1326849  60% Algod\u00f3n\/40% Po                                                                                                                                                                                                                                                                                                                                                                                                                                                                                                                                                                                                                                                                                                                                                                                                                                                                                                                                                                                                                                        <\/p>\n","protected":false},"excerpt":{"rendered":"<p>CAMISETA DE MANGA CORTA UA GL<\/p>\n","protected":false},"featured_media":53893,"template":"","meta":[],"product_brand":[],"product_cat":[245],"product_tag":[81],"class_list":{"0":"post-39808","1":"product","2":"type-product","3":"status-publish","4":"has-post-thumbnail","6":"product_cat-hombre_textil_camisetas","7":"product_tag-under_armour","8":"pa_color-unico","9":"pa_talla-l","10":"thunk-woo-product-list","11":"opn-qv-enable","12":"open-woo-hover-","13":"open-single-product-tab-horizontal","14":"open-shadow-","15":"open-shadow-hover-","17":"first","18":"instock","19":"shipping-taxable","20":"purchasable","21":"product-type-variable"},"jetpack_sharing_enabled":true,"_links":{"self":[{"href":"https:\/\/www.deporteseli.com\/index.php?rest_route=\/wp\/v2\/product\/39808","targetHints":{"allow":["GET"]}}],"collection":[{"href":"https:\/\/www.deporteseli.com\/index.php?rest_route=\/wp\/v2\/product"}],"about":[{"href":"https:\/\/www.deporteseli.com\/index.php?rest_route=\/wp\/v2\/types\/product"}],"wp:featuredmedia":[{"embeddable":true,"href":"https:\/\/www.deporteseli.com\/index.php?rest_route=\/wp\/v2\/media\/53893"}],"wp:attachment":[{"href":"https:\/\/www.deporteseli.com\/index.php?rest_route=%2Fwp%2Fv2%2Fmedia&parent=39808"}],"wp:term":[{"taxonomy":"product_brand","embeddable":true,"href":"https:\/\/www.deporteseli.com\/index.php?rest_route=%2Fwp%2Fv2%2Fproduct_brand&post=39808"},{"taxonomy":"product_cat","embeddable":true,"href":"https:\/\/www.deporteseli.com\/index.php?rest_route=%2Fwp%2Fv2%2Fproduct_cat&post=39808"},{"taxonomy":"product_tag","embeddable":true,"href":"https:\/\/www.deporteseli.com\/index.php?rest_route=%2Fwp%2Fv2%2Fproduct_tag&post=39808"}],"curies":[{"name":"wp","href":"https:\/\/api.w.org\/{rel}","templated":true}]}}