{"id":39795,"date":"2026-01-27T18:39:22","date_gmt":"2026-01-27T18:39:22","guid":{"rendered":"https:\/\/www.deporteseli.com\/?product=pantalon-corto-ua-tech-graphic"},"modified":"2026-03-07T05:37:31","modified_gmt":"2026-03-07T05:37:31","slug":"pantalon-corto-ua-tech-graphic","status":"publish","type":"product","link":"https:\/\/www.deporteseli.com\/?product=pantalon-corto-ua-tech-graphic","title":{"rendered":"PANTAL\u00f3N CORTO UA TECH\u2122 GRAPHIC"},"content":{"rendered":"<p>Descripci\u00f3n del producto  UA Tech\u2122 es nuestra equipaci\u00f3n original para el entrenamiento diario. Este pantal\u00f3n corto estampado de entrenamiento para hombre Under Armour es holgado y ligero, y mantiene la frescura. Su dise\u00f1o est\u00e1 pensado para ofrecerte todo lo que necesitas.  Tejido UA Tech\u2122 de secado r\u00e1pido, ultrasuave y de tacto m\u00e1s natural  Material que capilariza el sudor y se seca r\u00e1pidamente  Cintura el\u00e1stica con revestimiento y cord\u00f3n interior  Bolsillos laterales de malla                                                                                                                                                                                                                                                                                                                                                                                                                                                                                                                                                                                                                                                                                                                                                                                                                                                                                                                                                                                                                                        <\/p>\n","protected":false},"excerpt":{"rendered":"<p>PANTAL\u00f3N CORTO UA TECH\u2122 GRAPHIC<\/p>\n","protected":false},"featured_media":53884,"template":"","meta":[],"product_brand":[],"product_cat":[250],"product_tag":[81],"class_list":{"0":"post-39795","1":"product","2":"type-product","3":"status-publish","4":"has-post-thumbnail","6":"product_cat-hombre_textil_bermudas","7":"product_tag-under_armour","8":"pa_color-unico","9":"pa_talla-xl","10":"thunk-woo-product-list","11":"opn-qv-enable","12":"open-woo-hover-","13":"open-single-product-tab-horizontal","14":"open-shadow-","15":"open-shadow-hover-","17":"first","18":"instock","19":"shipping-taxable","20":"purchasable","21":"product-type-variable"},"jetpack_sharing_enabled":true,"_links":{"self":[{"href":"https:\/\/www.deporteseli.com\/index.php?rest_route=\/wp\/v2\/product\/39795","targetHints":{"allow":["GET"]}}],"collection":[{"href":"https:\/\/www.deporteseli.com\/index.php?rest_route=\/wp\/v2\/product"}],"about":[{"href":"https:\/\/www.deporteseli.com\/index.php?rest_route=\/wp\/v2\/types\/product"}],"wp:featuredmedia":[{"embeddable":true,"href":"https:\/\/www.deporteseli.com\/index.php?rest_route=\/wp\/v2\/media\/53884"}],"wp:attachment":[{"href":"https:\/\/www.deporteseli.com\/index.php?rest_route=%2Fwp%2Fv2%2Fmedia&parent=39795"}],"wp:term":[{"taxonomy":"product_brand","embeddable":true,"href":"https:\/\/www.deporteseli.com\/index.php?rest_route=%2Fwp%2Fv2%2Fproduct_brand&post=39795"},{"taxonomy":"product_cat","embeddable":true,"href":"https:\/\/www.deporteseli.com\/index.php?rest_route=%2Fwp%2Fv2%2Fproduct_cat&post=39795"},{"taxonomy":"product_tag","embeddable":true,"href":"https:\/\/www.deporteseli.com\/index.php?rest_route=%2Fwp%2Fv2%2Fproduct_tag&post=39795"}],"curies":[{"name":"wp","href":"https:\/\/api.w.org\/{rel}","templated":true}]}}