{"id":39792,"date":"2026-01-27T18:39:19","date_gmt":"2026-01-27T18:39:19","guid":{"rendered":"https:\/\/www.deporteseli.com\/?product=sudadera-hombre-diamond-gris"},"modified":"2026-03-07T05:37:29","modified_gmt":"2026-03-07T05:37:29","slug":"sudadera-hombre-diamond-gris","status":"publish","type":"product","link":"https:\/\/www.deporteseli.com\/?product=sudadera-hombre-diamond-gris","title":{"rendered":"SUDADERA HOMBRE DIAMOND GRIS"},"content":{"rendered":"<p>Sudadera para hombre en color gris fabricada en tejido resistente y c\u00e1lido, gracias a su interior afelpado.    La prenda tiene el\u00e1stico en pu\u00f1o y cinturilla, adem\u00e1s de capucha ajustable.    La sudadera es muy c\u00f3moda y tiene dos bolsillos laterales con cremallera.    FABRICACI\u00d3N: 100% Poli\u00e9ster                                                                                                                                                                                                                                                                                                                                                                                                                                                                                                                                                                                                                                                                                                                                                                                                                                                                                                                                                                                                                                        <\/p>\n","protected":false},"excerpt":{"rendered":"<p>SUDADERA HOMBRE DIAMOND GRIS<\/p>\n","protected":false},"featured_media":53882,"template":"","meta":[],"product_brand":[],"product_cat":[253],"product_tag":[],"class_list":{"0":"post-39792","1":"product","2":"type-product","3":"status-publish","4":"has-post-thumbnail","6":"product_cat-hombre_textil_sudaderas","7":"pa_color-unico","8":"pa_talla-m","9":"pa_talla-xl","10":"thunk-woo-product-list","11":"opn-qv-enable","12":"open-woo-hover-","13":"open-single-product-tab-horizontal","14":"open-shadow-","15":"open-shadow-hover-","17":"first","18":"instock","19":"shipping-taxable","20":"purchasable","21":"product-type-variable"},"jetpack_sharing_enabled":true,"_links":{"self":[{"href":"https:\/\/www.deporteseli.com\/index.php?rest_route=\/wp\/v2\/product\/39792","targetHints":{"allow":["GET"]}}],"collection":[{"href":"https:\/\/www.deporteseli.com\/index.php?rest_route=\/wp\/v2\/product"}],"about":[{"href":"https:\/\/www.deporteseli.com\/index.php?rest_route=\/wp\/v2\/types\/product"}],"wp:featuredmedia":[{"embeddable":true,"href":"https:\/\/www.deporteseli.com\/index.php?rest_route=\/wp\/v2\/media\/53882"}],"wp:attachment":[{"href":"https:\/\/www.deporteseli.com\/index.php?rest_route=%2Fwp%2Fv2%2Fmedia&parent=39792"}],"wp:term":[{"taxonomy":"product_brand","embeddable":true,"href":"https:\/\/www.deporteseli.com\/index.php?rest_route=%2Fwp%2Fv2%2Fproduct_brand&post=39792"},{"taxonomy":"product_cat","embeddable":true,"href":"https:\/\/www.deporteseli.com\/index.php?rest_route=%2Fwp%2Fv2%2Fproduct_cat&post=39792"},{"taxonomy":"product_tag","embeddable":true,"href":"https:\/\/www.deporteseli.com\/index.php?rest_route=%2Fwp%2Fv2%2Fproduct_tag&post=39792"}],"curies":[{"name":"wp","href":"https:\/\/api.w.org\/{rel}","templated":true}]}}