{"id":39787,"date":"2026-01-27T18:39:12","date_gmt":"2026-01-27T18:39:12","guid":{"rendered":"https:\/\/www.deporteseli.com\/?product=zapatillas-court-advance"},"modified":"2026-04-11T04:17:32","modified_gmt":"2026-04-11T04:17:32","slug":"zapatillas-court-advance","status":"publish","type":"product","link":"https:\/\/www.deporteseli.com\/?product=zapatillas-court-advance","title":{"rendered":"ZAPATILLAS COURT ADVANCE"},"content":{"rendered":"<p>ZAPATILLAS DE FELPA INSPIRADAS EN EL TENIS CON TOQUES DE COLOR VINTAGE    El estilo tenis de Reebok que te encanta en unas zapatillas. Este modelo combina los ic\u00f3nicos Club C 85 y Club C Revenge para crear el modelo Court Advance. La espuma y las microburbujas DMX las hacen tan c\u00f3modas y acolchadas que no querr\u00e1s quit\u00e1rtelas. Los toques de color dan una dosis extra de estilo.  Parte superior de cuero  Plantilla OrthoLite\u00ae  Cierre con cordones  Microburbujas DMX en la entresuela  Forro textil  Suela duradera de goma  Perforaciones en la puntera                                                                                                                                                                                                                                                                                                                                                                                                                                                                                                                                                                                                                                                                                                                                                                                                                                                                                                                                                                                                                                        <\/p>\n","protected":false},"excerpt":{"rendered":"<p>ZAPATILLAS COURT ADVANCE<\/p>\n","protected":false},"featured_media":53875,"template":"","meta":[],"product_brand":[],"product_cat":[261],"product_tag":[41],"class_list":{"0":"post-39787","1":"product","2":"type-product","3":"status-publish","4":"has-post-thumbnail","6":"product_cat-hombre_calzado_casual","7":"product_tag-reebok","8":"pa_color-unico","9":"pa_talla-151","10":"pa_talla-159","11":"thunk-woo-product-list","12":"opn-qv-enable","13":"open-woo-hover-","14":"open-single-product-tab-horizontal","15":"open-shadow-","16":"open-shadow-hover-","18":"first","19":"instock","20":"sale","21":"shipping-taxable","22":"purchasable","23":"product-type-variable"},"jetpack_sharing_enabled":true,"_links":{"self":[{"href":"https:\/\/www.deporteseli.com\/index.php?rest_route=\/wp\/v2\/product\/39787","targetHints":{"allow":["GET"]}}],"collection":[{"href":"https:\/\/www.deporteseli.com\/index.php?rest_route=\/wp\/v2\/product"}],"about":[{"href":"https:\/\/www.deporteseli.com\/index.php?rest_route=\/wp\/v2\/types\/product"}],"wp:featuredmedia":[{"embeddable":true,"href":"https:\/\/www.deporteseli.com\/index.php?rest_route=\/wp\/v2\/media\/53875"}],"wp:attachment":[{"href":"https:\/\/www.deporteseli.com\/index.php?rest_route=%2Fwp%2Fv2%2Fmedia&parent=39787"}],"wp:term":[{"taxonomy":"product_brand","embeddable":true,"href":"https:\/\/www.deporteseli.com\/index.php?rest_route=%2Fwp%2Fv2%2Fproduct_brand&post=39787"},{"taxonomy":"product_cat","embeddable":true,"href":"https:\/\/www.deporteseli.com\/index.php?rest_route=%2Fwp%2Fv2%2Fproduct_cat&post=39787"},{"taxonomy":"product_tag","embeddable":true,"href":"https:\/\/www.deporteseli.com\/index.php?rest_route=%2Fwp%2Fv2%2Fproduct_tag&post=39787"}],"curies":[{"name":"wp","href":"https:\/\/api.w.org\/{rel}","templated":true}]}}