{"id":39785,"date":"2026-01-27T18:39:10","date_gmt":"2026-01-27T18:39:10","guid":{"rendered":"https:\/\/www.deporteseli.com\/?product=zapatillas-de-entrenamiento-nanoflex-trainer"},"modified":"2026-01-27T18:39:11","modified_gmt":"2026-01-27T18:39:11","slug":"zapatillas-de-entrenamiento-nanoflex-trainer","status":"publish","type":"product","link":"https:\/\/www.deporteseli.com\/?product=zapatillas-de-entrenamiento-nanoflex-trainer","title":{"rendered":"ZAPATILLAS DE ENTRENAMIENTO NANOFLEX TRAINER"},"content":{"rendered":"<p>ZAPATOS DE ENTRENAMIENTO VERS\u00c1TILES PARA EL GIMNASIO Y M\u00c1S ALL\u00c1    Ya sea que te acabes de unir a un gimnasio o ya conozcas la barra, estos zapatos de entrenamiento Reebok para hombre est\u00e1n dise\u00f1ados para ayudarte a alcanzar tus objetivos de acondicionamiento f\u00edsico. La parte superior de malla ligera y transpirable mantiene tus pies c\u00f3modos, mientras que el soporte integrado brinda estabilidad durante los saltos al caj\u00f3n y el uso durante todo el d\u00eda. La suela de goma cuenta con paredes laterales envolventes para mayor durabilidad y tracci\u00f3n en interiores y exteriores, con ranuras en el antepi\u00e9 para brindar flexibilidad donde m\u00e1s la necesitas.  Parte superior de malla ligera y transpirable  Cierre de encaje  entresuela de EVA  Forro textil  Ranuras de flexibilidad en el antepi\u00e9  Suela exterior de goma completa                                                                                                                                                                                                                                                                                                                                                                                                                                                                                                                                                                                                                                                                                                                                                                                                                                                                                                                                                                                                                                        <\/p>\n","protected":false},"excerpt":{"rendered":"<p>ZAPATILLAS DE ENTRENAMIENTO NANOFLEX TRAINER<\/p>\n","protected":false},"featured_media":53871,"template":"","meta":[],"product_brand":[],"product_cat":[259],"product_tag":[41],"class_list":{"0":"post-39785","1":"product","2":"type-product","3":"status-publish","4":"has-post-thumbnail","6":"product_cat-hombre_calzado_running","7":"product_tag-reebok","8":"pa_color-unico","9":"pa_talla-153","10":"thunk-woo-product-list","11":"opn-qv-enable","12":"open-woo-hover-","13":"open-single-product-tab-horizontal","14":"open-shadow-","15":"open-shadow-hover-","17":"first","18":"instock","19":"sale","20":"shipping-taxable","21":"purchasable","22":"product-type-variable"},"jetpack_sharing_enabled":true,"_links":{"self":[{"href":"https:\/\/www.deporteseli.com\/index.php?rest_route=\/wp\/v2\/product\/39785","targetHints":{"allow":["GET"]}}],"collection":[{"href":"https:\/\/www.deporteseli.com\/index.php?rest_route=\/wp\/v2\/product"}],"about":[{"href":"https:\/\/www.deporteseli.com\/index.php?rest_route=\/wp\/v2\/types\/product"}],"wp:featuredmedia":[{"embeddable":true,"href":"https:\/\/www.deporteseli.com\/index.php?rest_route=\/wp\/v2\/media\/53871"}],"wp:attachment":[{"href":"https:\/\/www.deporteseli.com\/index.php?rest_route=%2Fwp%2Fv2%2Fmedia&parent=39785"}],"wp:term":[{"taxonomy":"product_brand","embeddable":true,"href":"https:\/\/www.deporteseli.com\/index.php?rest_route=%2Fwp%2Fv2%2Fproduct_brand&post=39785"},{"taxonomy":"product_cat","embeddable":true,"href":"https:\/\/www.deporteseli.com\/index.php?rest_route=%2Fwp%2Fv2%2Fproduct_cat&post=39785"},{"taxonomy":"product_tag","embeddable":true,"href":"https:\/\/www.deporteseli.com\/index.php?rest_route=%2Fwp%2Fv2%2Fproduct_tag&post=39785"}],"curies":[{"name":"wp","href":"https:\/\/api.w.org\/{rel}","templated":true}]}}