{"id":39783,"date":"2026-01-27T18:39:07","date_gmt":"2026-01-27T18:39:07","guid":{"rendered":"https:\/\/www.deporteseli.com\/?product=camiseta-manga-corta-nino"},"modified":"2026-03-07T05:37:24","modified_gmt":"2026-03-07T05:37:24","slug":"camiseta-manga-corta-nino","status":"publish","type":"product","link":"https:\/\/www.deporteseli.com\/?product=camiseta-manga-corta-nino","title":{"rendered":"CAMISETA MANGA CORTA NI\u00f1O"},"content":{"rendered":"<p>Viste a tu hijo con estilo y comodidad con la camiseta Champion Authentic Tee. Esta camiseta de manga corta para ni\u00f1o tiene un dise\u00f1o cl\u00e1sico y deportivo, con el logo de Champion estampado en el pecho y en la manga izquierda. Su color gris combina f\u00e1cilmente con cualquier prenda y le da un toque moderno y urbano. La camiseta Champion Authentic Tee est\u00e1 fabricada con algod\u00f3n de alta calidad, lo que le proporciona una sensaci\u00f3n de suavidad y transpirabilidad. Adem\u00e1s, tiene un corte regular que se adapta al cuerpo y permite una mayor libertad de movimiento. No lo dudes m\u00e1s y consigue la camiseta Champion Authentic Tee.  AJUSTE: Regular.  COMPOSICI\u00d3N: 100% Algod\u00f3n.  TIPO: Uso urbano.  CUELLO: Redondo.                                                                                                                                                                                                                                                                                                                                                                                                                                                                                                                                                                                                                                                                                                                                                                                                                                                                                                                                                                                                                                        <\/p>\n","protected":false},"excerpt":{"rendered":"<p>CAMISETA MANGA CORTA NI\u00f1O<\/p>\n","protected":false},"featured_media":53870,"template":"","meta":[],"product_brand":[],"product_cat":[296],"product_tag":[51],"class_list":{"0":"post-39783","1":"product","2":"type-product","3":"status-publish","4":"has-post-thumbnail","6":"product_cat-nino_textil_camisetas","7":"product_tag-champion","8":"pa_color-unico","9":"pa_talla-s","10":"thunk-woo-product-list","11":"opn-qv-enable","12":"open-woo-hover-","13":"open-single-product-tab-horizontal","14":"open-shadow-","15":"open-shadow-hover-","17":"first","18":"instock","19":"shipping-taxable","20":"purchasable","21":"product-type-variable"},"jetpack_sharing_enabled":true,"_links":{"self":[{"href":"https:\/\/www.deporteseli.com\/index.php?rest_route=\/wp\/v2\/product\/39783","targetHints":{"allow":["GET"]}}],"collection":[{"href":"https:\/\/www.deporteseli.com\/index.php?rest_route=\/wp\/v2\/product"}],"about":[{"href":"https:\/\/www.deporteseli.com\/index.php?rest_route=\/wp\/v2\/types\/product"}],"wp:featuredmedia":[{"embeddable":true,"href":"https:\/\/www.deporteseli.com\/index.php?rest_route=\/wp\/v2\/media\/53870"}],"wp:attachment":[{"href":"https:\/\/www.deporteseli.com\/index.php?rest_route=%2Fwp%2Fv2%2Fmedia&parent=39783"}],"wp:term":[{"taxonomy":"product_brand","embeddable":true,"href":"https:\/\/www.deporteseli.com\/index.php?rest_route=%2Fwp%2Fv2%2Fproduct_brand&post=39783"},{"taxonomy":"product_cat","embeddable":true,"href":"https:\/\/www.deporteseli.com\/index.php?rest_route=%2Fwp%2Fv2%2Fproduct_cat&post=39783"},{"taxonomy":"product_tag","embeddable":true,"href":"https:\/\/www.deporteseli.com\/index.php?rest_route=%2Fwp%2Fv2%2Fproduct_tag&post=39783"}],"curies":[{"name":"wp","href":"https:\/\/api.w.org\/{rel}","templated":true}]}}