{"id":39778,"date":"2026-01-27T18:39:01","date_gmt":"2026-01-27T18:39:01","guid":{"rendered":"https:\/\/www.deporteseli.com\/?product=sudadera-nino-a-champion-con-capucha-2"},"modified":"2026-03-07T05:37:22","modified_gmt":"2026-03-07T05:37:22","slug":"sudadera-nino-a-champion-con-capucha-2","status":"publish","type":"product","link":"https:\/\/www.deporteseli.com\/?product=sudadera-nino-a-champion-con-capucha-2","title":{"rendered":"SUDADERA NI\u00f1O\/A CHAMPION CON CAPUCHA"},"content":{"rendered":"<p>SUDADERA CHAMPION LEGACY NI\u00d1O  La sudadera Champion Legacy es perfecta para los m\u00e1s peque\u00f1os.    Con su dise\u00f1o c\u00f3modo y moderno, esta sudadera con capucha es ideal para cualquier ocasi\u00f3n.    Los pu\u00f1os el\u00e1sticos aseguran un ajuste perfecto, mientras que el logo en el pecho a\u00f1ade un toque de estilo.    Adem\u00e1s, cuenta con un pr\u00e1ctico bolsillo canguro donde guardar peque\u00f1os objetos.                                                                                                                                                                                                                                                                                                                                                                                                                                                                                                                                                                                                                                                                                                                                                                                                                                                                                                                                                                                                                                        <\/p>\n","protected":false},"excerpt":{"rendered":"<p>SUDADERA NI\u00f1O\/A CHAMPION CON CAPUCHA<\/p>\n","protected":false},"featured_media":53867,"template":"","meta":[],"product_brand":[],"product_cat":[302],"product_tag":[51],"class_list":{"0":"post-39778","1":"product","2":"type-product","3":"status-publish","4":"has-post-thumbnail","6":"product_cat-nino_textil_sudaderas","7":"product_tag-champion","8":"pa_color-unico","9":"pa_talla-xxl","10":"thunk-woo-product-list","11":"opn-qv-enable","12":"open-woo-hover-","13":"open-single-product-tab-horizontal","14":"open-shadow-","15":"open-shadow-hover-","17":"first","18":"instock","19":"shipping-taxable","20":"purchasable","21":"product-type-variable"},"jetpack_sharing_enabled":true,"_links":{"self":[{"href":"https:\/\/www.deporteseli.com\/index.php?rest_route=\/wp\/v2\/product\/39778","targetHints":{"allow":["GET"]}}],"collection":[{"href":"https:\/\/www.deporteseli.com\/index.php?rest_route=\/wp\/v2\/product"}],"about":[{"href":"https:\/\/www.deporteseli.com\/index.php?rest_route=\/wp\/v2\/types\/product"}],"wp:featuredmedia":[{"embeddable":true,"href":"https:\/\/www.deporteseli.com\/index.php?rest_route=\/wp\/v2\/media\/53867"}],"wp:attachment":[{"href":"https:\/\/www.deporteseli.com\/index.php?rest_route=%2Fwp%2Fv2%2Fmedia&parent=39778"}],"wp:term":[{"taxonomy":"product_brand","embeddable":true,"href":"https:\/\/www.deporteseli.com\/index.php?rest_route=%2Fwp%2Fv2%2Fproduct_brand&post=39778"},{"taxonomy":"product_cat","embeddable":true,"href":"https:\/\/www.deporteseli.com\/index.php?rest_route=%2Fwp%2Fv2%2Fproduct_cat&post=39778"},{"taxonomy":"product_tag","embeddable":true,"href":"https:\/\/www.deporteseli.com\/index.php?rest_route=%2Fwp%2Fv2%2Fproduct_tag&post=39778"}],"curies":[{"name":"wp","href":"https:\/\/api.w.org\/{rel}","templated":true}]}}