{"id":39772,"date":"2026-01-27T18:38:54","date_gmt":"2026-01-27T18:38:54","guid":{"rendered":"https:\/\/www.deporteseli.com\/?product=short-champion-219427-3"},"modified":"2026-03-07T05:37:19","modified_gmt":"2026-03-07T05:37:19","slug":"short-champion-219427-3","status":"publish","type":"product","link":"https:\/\/www.deporteseli.com\/?product=short-champion-219427-3","title":{"rendered":"SHORT CHAMPION 219427"},"content":{"rendered":"<p>Bermuda Champion en 100% algod\u00f3n. 219427 KK001.    Bermudas de hombre de algod\u00f3n con logo en contraste en la pierna. El art\u00edculo 219427 KK001 tiene cintura el\u00e1stica y es c\u00f3modo y pr\u00e1ctico.                                                                                                                                                                                                                                                                                                                                                                                                                                                                                                                                                                                                                                                                                                                                                                                                                                                                                                                                                                                                                                        <\/p>\n","protected":false},"excerpt":{"rendered":"<p>SHORT CHAMPION 219427<\/p>\n","protected":false},"featured_media":53865,"template":"","meta":[],"product_brand":[],"product_cat":[250],"product_tag":[51],"class_list":{"0":"post-39772","1":"product","2":"type-product","3":"status-publish","4":"has-post-thumbnail","6":"product_cat-hombre_textil_bermudas","7":"product_tag-champion","8":"pa_color-unico","9":"pa_talla-m","10":"pa_talla-s","11":"pa_talla-xl","12":"thunk-woo-product-list","13":"opn-qv-enable","14":"open-woo-hover-","15":"open-single-product-tab-horizontal","16":"open-shadow-","17":"open-shadow-hover-","19":"first","20":"instock","21":"shipping-taxable","22":"purchasable","23":"product-type-variable"},"jetpack_sharing_enabled":true,"_links":{"self":[{"href":"https:\/\/www.deporteseli.com\/index.php?rest_route=\/wp\/v2\/product\/39772","targetHints":{"allow":["GET"]}}],"collection":[{"href":"https:\/\/www.deporteseli.com\/index.php?rest_route=\/wp\/v2\/product"}],"about":[{"href":"https:\/\/www.deporteseli.com\/index.php?rest_route=\/wp\/v2\/types\/product"}],"wp:featuredmedia":[{"embeddable":true,"href":"https:\/\/www.deporteseli.com\/index.php?rest_route=\/wp\/v2\/media\/53865"}],"wp:attachment":[{"href":"https:\/\/www.deporteseli.com\/index.php?rest_route=%2Fwp%2Fv2%2Fmedia&parent=39772"}],"wp:term":[{"taxonomy":"product_brand","embeddable":true,"href":"https:\/\/www.deporteseli.com\/index.php?rest_route=%2Fwp%2Fv2%2Fproduct_brand&post=39772"},{"taxonomy":"product_cat","embeddable":true,"href":"https:\/\/www.deporteseli.com\/index.php?rest_route=%2Fwp%2Fv2%2Fproduct_cat&post=39772"},{"taxonomy":"product_tag","embeddable":true,"href":"https:\/\/www.deporteseli.com\/index.php?rest_route=%2Fwp%2Fv2%2Fproduct_tag&post=39772"}],"curies":[{"name":"wp","href":"https:\/\/api.w.org\/{rel}","templated":true}]}}