{"id":39762,"date":"2026-01-27T18:38:43","date_gmt":"2026-01-27T18:38:43","guid":{"rendered":"https:\/\/www.deporteseli.com\/?product=camisa-champion-219165-3"},"modified":"2026-03-07T05:37:07","modified_gmt":"2026-03-07T05:37:07","slug":"camisa-champion-219165-3","status":"publish","type":"product","link":"https:\/\/www.deporteseli.com\/?product=camisa-champion-219165-3","title":{"rendered":"CAMISA CHAMPION 219165"},"content":{"rendered":"<p>Camiseta con logo de CHAMPION  Hecho de algod\u00f3n ligero  Corte regular con cuello redondo cl\u00e1sico.  Mangas cortas con dobladillo doble acolchado.  Un ajuste m\u00e1s c\u00f3modo y libertad de movimiento.  Camiseta deportiva para hombre de Champion. La camiseta tiene un aspecto vers\u00e1til que se adapta bien al deporte y a la vida cotidiana. La camiseta de algod\u00f3n el\u00e1stico y agradable para la piel garantiza una sensaci\u00f3n agradable.                                                                                                                                                                                                                                                                                                                                                                                                                                                                                                                                                                                                                                                                                                                                                                                                                                                                                                                                                                                                                                        <\/p>\n","protected":false},"excerpt":{"rendered":"<p>CAMISA CHAMPION 219165<\/p>\n","protected":false},"featured_media":53861,"template":"","meta":[],"product_brand":[],"product_cat":[245],"product_tag":[51],"class_list":{"0":"post-39762","1":"product","2":"type-product","3":"status-publish","4":"has-post-thumbnail","6":"product_cat-hombre_textil_camisetas","7":"product_tag-champion","8":"pa_color-unico","9":"pa_talla-l","10":"thunk-woo-product-list","11":"opn-qv-enable","12":"open-woo-hover-","13":"open-single-product-tab-horizontal","14":"open-shadow-","15":"open-shadow-hover-","17":"first","18":"instock","19":"shipping-taxable","20":"purchasable","21":"product-type-variable"},"jetpack_sharing_enabled":true,"_links":{"self":[{"href":"https:\/\/www.deporteseli.com\/index.php?rest_route=\/wp\/v2\/product\/39762","targetHints":{"allow":["GET"]}}],"collection":[{"href":"https:\/\/www.deporteseli.com\/index.php?rest_route=\/wp\/v2\/product"}],"about":[{"href":"https:\/\/www.deporteseli.com\/index.php?rest_route=\/wp\/v2\/types\/product"}],"wp:featuredmedia":[{"embeddable":true,"href":"https:\/\/www.deporteseli.com\/index.php?rest_route=\/wp\/v2\/media\/53861"}],"wp:attachment":[{"href":"https:\/\/www.deporteseli.com\/index.php?rest_route=%2Fwp%2Fv2%2Fmedia&parent=39762"}],"wp:term":[{"taxonomy":"product_brand","embeddable":true,"href":"https:\/\/www.deporteseli.com\/index.php?rest_route=%2Fwp%2Fv2%2Fproduct_brand&post=39762"},{"taxonomy":"product_cat","embeddable":true,"href":"https:\/\/www.deporteseli.com\/index.php?rest_route=%2Fwp%2Fv2%2Fproduct_cat&post=39762"},{"taxonomy":"product_tag","embeddable":true,"href":"https:\/\/www.deporteseli.com\/index.php?rest_route=%2Fwp%2Fv2%2Fproduct_tag&post=39762"}],"curies":[{"name":"wp","href":"https:\/\/api.w.org\/{rel}","templated":true}]}}