{"id":39753,"date":"2026-01-27T18:38:32","date_gmt":"2026-01-27T18:38:32","guid":{"rendered":"https:\/\/www.deporteseli.com\/?product=sudadera-champion-light-power"},"modified":"2026-03-07T05:37:01","modified_gmt":"2026-03-07T05:37:01","slug":"sudadera-champion-light-power","status":"publish","type":"product","link":"https:\/\/www.deporteseli.com\/?product=sudadera-champion-light-power","title":{"rendered":"SUDADERA CHAMPION LIGHT POWER"},"content":{"rendered":"<p>La sudadera Champion Light Power es una prenda confeccionada en algod\u00f3n felpado que ofrece una m\u00e1xima comodidad durante el d\u00eda a d\u00eda. Presenta un cuello redondo, pu\u00f1os el\u00e1sticos y el logotipo bordado en la parte frontal y en la manga. Esta sudadera no puede faltar en tu armario del d\u00eda a d\u00eda.                                                                                                                                                                                                                                                                                                                                                                                                                                                                                                                                                                                                                                                                                                                                                                                                                                                                                                                                                                                                                                        <\/p>\n","protected":false},"excerpt":{"rendered":"<p>SUDADERA CHAMPION LIGHT POWER<\/p>\n","protected":false},"featured_media":53857,"template":"","meta":[],"product_brand":[],"product_cat":[253],"product_tag":[51],"class_list":{"0":"post-39753","1":"product","2":"type-product","3":"status-publish","4":"has-post-thumbnail","6":"product_cat-hombre_textil_sudaderas","7":"product_tag-champion","8":"pa_color-unico","9":"pa_talla-l","10":"pa_talla-m","11":"pa_talla-xl","12":"pa_talla-xxl","13":"thunk-woo-product-list","14":"opn-qv-enable","15":"open-woo-hover-","16":"open-single-product-tab-horizontal","17":"open-shadow-","18":"open-shadow-hover-","20":"first","21":"instock","22":"shipping-taxable","23":"purchasable","24":"product-type-variable"},"jetpack_sharing_enabled":true,"_links":{"self":[{"href":"https:\/\/www.deporteseli.com\/index.php?rest_route=\/wp\/v2\/product\/39753","targetHints":{"allow":["GET"]}}],"collection":[{"href":"https:\/\/www.deporteseli.com\/index.php?rest_route=\/wp\/v2\/product"}],"about":[{"href":"https:\/\/www.deporteseli.com\/index.php?rest_route=\/wp\/v2\/types\/product"}],"wp:featuredmedia":[{"embeddable":true,"href":"https:\/\/www.deporteseli.com\/index.php?rest_route=\/wp\/v2\/media\/53857"}],"wp:attachment":[{"href":"https:\/\/www.deporteseli.com\/index.php?rest_route=%2Fwp%2Fv2%2Fmedia&parent=39753"}],"wp:term":[{"taxonomy":"product_brand","embeddable":true,"href":"https:\/\/www.deporteseli.com\/index.php?rest_route=%2Fwp%2Fv2%2Fproduct_brand&post=39753"},{"taxonomy":"product_cat","embeddable":true,"href":"https:\/\/www.deporteseli.com\/index.php?rest_route=%2Fwp%2Fv2%2Fproduct_cat&post=39753"},{"taxonomy":"product_tag","embeddable":true,"href":"https:\/\/www.deporteseli.com\/index.php?rest_route=%2Fwp%2Fv2%2Fproduct_tag&post=39753"}],"curies":[{"name":"wp","href":"https:\/\/api.w.org\/{rel}","templated":true}]}}