{"id":39748,"date":"2026-01-27T18:38:26","date_gmt":"2026-01-27T18:38:26","guid":{"rendered":"https:\/\/www.deporteseli.com\/?product=falda-asics-2042a266"},"modified":"2026-03-07T05:36:56","modified_gmt":"2026-03-07T05:36:56","slug":"falda-asics-2042a266","status":"publish","type":"product","link":"https:\/\/www.deporteseli.com\/?product=falda-asics-2042a266","title":{"rendered":"FALDA ASICS 2042A266"},"content":{"rendered":"<p>Descripci\u00f3n  Esta falda pantal\u00f3n est\u00e1 dise\u00f1ada para mejorar la comodidad a la vez que ayuda a mantener tu cuerpo y tu mente en sinton\u00eda.    Presenta un dise\u00f1o envolvente y una malla interior que aporta sujeci\u00f3n.    La falda pantal\u00f3n tambi\u00e9n incluye un cord\u00f3n en la cintura para que sea f\u00e1cil de ajustar y su dise\u00f1o ergon\u00f3mico permite que tus piernas se muevan con m\u00e1s libertad.    Tejido principal: 100% Poli\u00e9ster \/ Inserci\u00f3n: 92% Poli\u00e9ster \/ 8% Elastano                                                                                                                                                                                                                                                                                                                                                                                                                                                                                                                                                                                                                                                                                                                                                                                                                                                                                                                                                                                                                                        <\/p>\n","protected":false},"excerpt":{"rendered":"<p>FALDA ASICS 2042A266<\/p>\n","protected":false},"featured_media":53854,"template":"","meta":[],"product_brand":[],"product_cat":[366],"product_tag":[19],"class_list":{"0":"post-39748","1":"product","2":"type-product","3":"status-publish","4":"has-post-thumbnail","6":"product_cat-padel_y_tenis_textil_faldas","7":"product_tag-asics","8":"pa_color-unico","9":"pa_talla-l","10":"pa_talla-m","11":"pa_talla-s","12":"pa_talla-xs","13":"thunk-woo-product-list","14":"opn-qv-enable","15":"open-woo-hover-","16":"open-single-product-tab-horizontal","17":"open-shadow-","18":"open-shadow-hover-","20":"first","21":"instock","22":"shipping-taxable","23":"purchasable","24":"product-type-variable"},"jetpack_sharing_enabled":true,"_links":{"self":[{"href":"https:\/\/www.deporteseli.com\/index.php?rest_route=\/wp\/v2\/product\/39748","targetHints":{"allow":["GET"]}}],"collection":[{"href":"https:\/\/www.deporteseli.com\/index.php?rest_route=\/wp\/v2\/product"}],"about":[{"href":"https:\/\/www.deporteseli.com\/index.php?rest_route=\/wp\/v2\/types\/product"}],"wp:featuredmedia":[{"embeddable":true,"href":"https:\/\/www.deporteseli.com\/index.php?rest_route=\/wp\/v2\/media\/53854"}],"wp:attachment":[{"href":"https:\/\/www.deporteseli.com\/index.php?rest_route=%2Fwp%2Fv2%2Fmedia&parent=39748"}],"wp:term":[{"taxonomy":"product_brand","embeddable":true,"href":"https:\/\/www.deporteseli.com\/index.php?rest_route=%2Fwp%2Fv2%2Fproduct_brand&post=39748"},{"taxonomy":"product_cat","embeddable":true,"href":"https:\/\/www.deporteseli.com\/index.php?rest_route=%2Fwp%2Fv2%2Fproduct_cat&post=39748"},{"taxonomy":"product_tag","embeddable":true,"href":"https:\/\/www.deporteseli.com\/index.php?rest_route=%2Fwp%2Fv2%2Fproduct_tag&post=39748"}],"curies":[{"name":"wp","href":"https:\/\/api.w.org\/{rel}","templated":true}]}}