{"id":39740,"date":"2026-01-27T18:38:17","date_gmt":"2026-01-27T18:38:17","guid":{"rendered":"https:\/\/www.deporteseli.com\/?product=camisa-asics-2011c341"},"modified":"2026-03-10T05:21:25","modified_gmt":"2026-03-10T05:21:25","slug":"camisa-asics-2011c341","status":"publish","type":"product","link":"https:\/\/www.deporteseli.com\/?product=camisa-asics-2011c341","title":{"rendered":"CAMISA ASICS 2011C341"},"content":{"rendered":"<p>Descripci\u00f3n  Esta camiseta de manga corta est\u00e1 confeccionada con un tejido de punto muy c\u00f3modo ideal para todo tipo de entrenamientos de running. El material de esta prenda destaca por su excelente gesti\u00f3n de la humedad, que te mantendr\u00e1 el cuerpo seco a lo largo de todo el entrenamiento. Adem\u00e1s, est\u00e1 confeccionada con materiales reciclados y fomenta la fabricaci\u00f3n sostenible.    Tejido principal:100% Poli\u00e9ster                                                                                                                                                                                                                                                                                                                                                                                                                                                                                                                                                                                                                                                                                                                                                                                                                                                                                                                                                                                                                                        <\/p>\n","protected":false},"excerpt":{"rendered":"<p>CAMISA ASICS 2011C341<\/p>\n","protected":false},"featured_media":53850,"template":"","meta":[],"product_brand":[],"product_cat":[245],"product_tag":[19],"class_list":{"0":"post-39740","1":"product","2":"type-product","3":"status-publish","4":"has-post-thumbnail","6":"product_cat-hombre_textil_camisetas","7":"product_tag-asics","8":"pa_color-unico","9":"pa_talla-l","10":"pa_talla-m","11":"pa_talla-s","12":"thunk-woo-product-list","13":"opn-qv-enable","14":"open-woo-hover-","15":"open-single-product-tab-horizontal","16":"open-shadow-","17":"open-shadow-hover-","19":"first","20":"instock","21":"shipping-taxable","22":"purchasable","23":"product-type-variable"},"jetpack_sharing_enabled":true,"_links":{"self":[{"href":"https:\/\/www.deporteseli.com\/index.php?rest_route=\/wp\/v2\/product\/39740","targetHints":{"allow":["GET"]}}],"collection":[{"href":"https:\/\/www.deporteseli.com\/index.php?rest_route=\/wp\/v2\/product"}],"about":[{"href":"https:\/\/www.deporteseli.com\/index.php?rest_route=\/wp\/v2\/types\/product"}],"wp:featuredmedia":[{"embeddable":true,"href":"https:\/\/www.deporteseli.com\/index.php?rest_route=\/wp\/v2\/media\/53850"}],"wp:attachment":[{"href":"https:\/\/www.deporteseli.com\/index.php?rest_route=%2Fwp%2Fv2%2Fmedia&parent=39740"}],"wp:term":[{"taxonomy":"product_brand","embeddable":true,"href":"https:\/\/www.deporteseli.com\/index.php?rest_route=%2Fwp%2Fv2%2Fproduct_brand&post=39740"},{"taxonomy":"product_cat","embeddable":true,"href":"https:\/\/www.deporteseli.com\/index.php?rest_route=%2Fwp%2Fv2%2Fproduct_cat&post=39740"},{"taxonomy":"product_tag","embeddable":true,"href":"https:\/\/www.deporteseli.com\/index.php?rest_route=%2Fwp%2Fv2%2Fproduct_tag&post=39740"}],"curies":[{"name":"wp","href":"https:\/\/api.w.org\/{rel}","templated":true}]}}