{"id":39738,"date":"2026-01-27T18:38:15","date_gmt":"2026-01-27T18:38:15","guid":{"rendered":"https:\/\/www.deporteseli.com\/?product=gel-game-9-clay-oc"},"modified":"2026-01-27T18:38:16","modified_gmt":"2026-01-27T18:38:16","slug":"gel-game-9-clay-oc","status":"publish","type":"product","link":"https:\/\/www.deporteseli.com\/?product=gel-game-9-clay-oc","title":{"rendered":"GEL-GAME 9 CLAY\/OC"},"content":{"rendered":"<p>Descripci\u00f3n  Duraderas y c\u00f3modas, las zapatillas de tenis GEL-GAME 9 GS (Grade School) Clay\/OC son un modelo vers\u00e1til para los j\u00f3venes atletas aficionados que juegan varias veces por semana.    La tecnolog\u00eda TRUSSTIC de la entresuela ofrece una mayor estabilidad en la pista. A su vez, las nuevas prestaciones combinan una entresuela de espuma EVA y amortiguaci\u00f3n con tecnolog\u00eda GEL en la parte delantera para incrementar la absorci\u00f3n de impactos.    Adem\u00e1s, la suela mejorada ofrece una mayor flexibilidad y un dise\u00f1o m\u00e1s duradero.                                                                                                                                                                                                                                                                                                                                                                                                                                                                                                                                                                                                                                                                                                                                                                                                                                                                                                                                                                                                                                        <\/p>\n","protected":false},"excerpt":{"rendered":"<p>GEL-GAME 9 CLAY\/OC<\/p>\n","protected":false},"featured_media":53846,"template":"","meta":[],"product_brand":[],"product_cat":[371],"product_tag":[19],"class_list":{"0":"post-39738","1":"product","2":"type-product","3":"status-publish","4":"has-post-thumbnail","6":"product_cat-padel_y_tenis_calzado","7":"product_tag-asics","8":"pa_color-unico","9":"pa_talla-141","10":"thunk-woo-product-list","11":"opn-qv-enable","12":"open-woo-hover-","13":"open-single-product-tab-horizontal","14":"open-shadow-","15":"open-shadow-hover-","17":"first","18":"instock","19":"sale","20":"shipping-taxable","21":"purchasable","22":"product-type-variable"},"jetpack_sharing_enabled":true,"_links":{"self":[{"href":"https:\/\/www.deporteseli.com\/index.php?rest_route=\/wp\/v2\/product\/39738","targetHints":{"allow":["GET"]}}],"collection":[{"href":"https:\/\/www.deporteseli.com\/index.php?rest_route=\/wp\/v2\/product"}],"about":[{"href":"https:\/\/www.deporteseli.com\/index.php?rest_route=\/wp\/v2\/types\/product"}],"wp:featuredmedia":[{"embeddable":true,"href":"https:\/\/www.deporteseli.com\/index.php?rest_route=\/wp\/v2\/media\/53846"}],"wp:attachment":[{"href":"https:\/\/www.deporteseli.com\/index.php?rest_route=%2Fwp%2Fv2%2Fmedia&parent=39738"}],"wp:term":[{"taxonomy":"product_brand","embeddable":true,"href":"https:\/\/www.deporteseli.com\/index.php?rest_route=%2Fwp%2Fv2%2Fproduct_brand&post=39738"},{"taxonomy":"product_cat","embeddable":true,"href":"https:\/\/www.deporteseli.com\/index.php?rest_route=%2Fwp%2Fv2%2Fproduct_cat&post=39738"},{"taxonomy":"product_tag","embeddable":true,"href":"https:\/\/www.deporteseli.com\/index.php?rest_route=%2Fwp%2Fv2%2Fproduct_tag&post=39738"}],"curies":[{"name":"wp","href":"https:\/\/api.w.org\/{rel}","templated":true}]}}