{"id":39736,"date":"2026-01-27T18:38:12","date_gmt":"2026-01-27T18:38:12","guid":{"rendered":"https:\/\/www.deporteseli.com\/?product=adidas-camisa-k-entrada-18-jsy"},"modified":"2026-01-27T18:38:14","modified_gmt":"2026-01-27T18:38:14","slug":"adidas-camisa-k-entrada-18-jsy","status":"publish","type":"product","link":"https:\/\/www.deporteseli.com\/?product=adidas-camisa-k-entrada-18-jsy","title":{"rendered":"ADIDAS CAMISA K. ENTRADA 18 JSY &#8211;"},"content":{"rendered":"<p>Entrena sin descanso para destacar sobre el terreno de juego. Esta camiseta de f\u00fatbol para ni\u00f1o se ha confeccionado en un tejido que expulsa el sudor para que solo te concentres en mejorar tus habilidades con el bal\u00f3n. El logotipo de adidas demuestra tu esp\u00edritu deportivo.    La tecnolog\u00eda Climalite expulsa el sudor de la piel.  Cuello redondo en contraste.  Paneles laterales en contraste.  Logotipo de adidas a la derecha del pecho.  Este producto forma parte del programa de adidas para la conservaci\u00f3n del medioambiente y se ha fabricado con procesos sostenibles que hacen del mundo un lugar mejor  cada fibra cuenta: el poli\u00e9ster reciclado ahorra recursos naturales y reduce los residuos.  Corte cl\u00e1sico.  Color: azul.  Composici\u00f3n: 50% poli\u00e9ster   50% poli\u00e9ster reciclado.                                                                                                                                                                                                                                                                                                                                                                                                                                                                                                                                                                                                                                                                                                                                                                                                                                                                                                                                                                                                                                        <\/p>\n","protected":false},"excerpt":{"rendered":"<p>ADIDAS CAMISA K. ENTRADA 18 JSY &#8211;<\/p>\n","protected":false},"featured_media":53844,"template":"","meta":[],"product_brand":[],"product_cat":[296],"product_tag":[18],"class_list":{"0":"post-39736","1":"product","2":"type-product","3":"status-publish","4":"has-post-thumbnail","6":"product_cat-nino_textil_camisetas","7":"product_tag-adidas","8":"pa_color-unico","9":"pa_talla-t-8","10":"thunk-woo-product-list","11":"opn-qv-enable","12":"open-woo-hover-","13":"open-single-product-tab-horizontal","14":"open-shadow-","15":"open-shadow-hover-","17":"first","18":"instock","19":"sale","20":"shipping-taxable","21":"purchasable","22":"product-type-variable"},"jetpack_sharing_enabled":true,"_links":{"self":[{"href":"https:\/\/www.deporteseli.com\/index.php?rest_route=\/wp\/v2\/product\/39736","targetHints":{"allow":["GET"]}}],"collection":[{"href":"https:\/\/www.deporteseli.com\/index.php?rest_route=\/wp\/v2\/product"}],"about":[{"href":"https:\/\/www.deporteseli.com\/index.php?rest_route=\/wp\/v2\/types\/product"}],"wp:featuredmedia":[{"embeddable":true,"href":"https:\/\/www.deporteseli.com\/index.php?rest_route=\/wp\/v2\/media\/53844"}],"wp:attachment":[{"href":"https:\/\/www.deporteseli.com\/index.php?rest_route=%2Fwp%2Fv2%2Fmedia&parent=39736"}],"wp:term":[{"taxonomy":"product_brand","embeddable":true,"href":"https:\/\/www.deporteseli.com\/index.php?rest_route=%2Fwp%2Fv2%2Fproduct_brand&post=39736"},{"taxonomy":"product_cat","embeddable":true,"href":"https:\/\/www.deporteseli.com\/index.php?rest_route=%2Fwp%2Fv2%2Fproduct_cat&post=39736"},{"taxonomy":"product_tag","embeddable":true,"href":"https:\/\/www.deporteseli.com\/index.php?rest_route=%2Fwp%2Fv2%2Fproduct_tag&post=39736"}],"curies":[{"name":"wp","href":"https:\/\/api.w.org\/{rel}","templated":true}]}}