{"id":39734,"date":"2026-01-27T18:38:09","date_gmt":"2026-01-27T18:38:09","guid":{"rendered":"https:\/\/www.deporteseli.com\/?product=balon-ucl-club-23-24"},"modified":"2026-02-21T05:17:54","modified_gmt":"2026-02-21T05:17:54","slug":"balon-ucl-club-23-24","status":"publish","type":"product","link":"https:\/\/www.deporteseli.com\/?product=balon-ucl-club-23-24","title":{"rendered":"BAL\u00f3N UCL CLUB 23\/24"},"content":{"rendered":"<p>PASI\u00d3N POR EL F\u00daTBOL EUROPEO   The Champions . Dos palabras que vienen inmediatamente a la mente mientras suena el famoso himno de la m\u00e1xima competici\u00f3n europea a nivel de clubes. Inspirado en el esf\u00e9rico oficial del torneo, este bal\u00f3n UCL Club de adidas es perfecto para jugar partidillos en el parque gracias a su resistente estructura cosida a m\u00e1quina y a su c\u00e1mara de butilo. Luce doce estrellas brillantes, la inscripci\u00f3n  The Champions  y unas discretas notas musicales.  Cubierta 100% TPU reciclado  Superficie cosida a m\u00e1quina  C\u00e1mara de butilo  Emblema de la UEFA Champions League estampado  Es necesario inflarlo  Color del art\u00edculo: Silver Metallic \/ Black \/ Solar Orange  N\u00famero de art\u00edculo: IA0950                                                                                                                                                                                                                                                                                                                                                                                                                                                                                                                                                                                                                                                                                                                                                                                                                                                                                                                                                                                                                                        <\/p>\n","protected":false},"excerpt":{"rendered":"<p>BAL\u00f3N UCL CLUB 23\/24<\/p>\n","protected":false},"featured_media":53842,"template":"","meta":[],"product_brand":[],"product_cat":[347],"product_tag":[18],"class_list":{"0":"post-39734","1":"product","2":"type-product","3":"status-publish","4":"has-post-thumbnail","6":"product_cat-deportes_balones","7":"product_tag-adidas","8":"pa_color-unico","9":"pa_talla-169","10":"thunk-woo-product-list","11":"opn-qv-enable","12":"open-woo-hover-","13":"open-single-product-tab-horizontal","14":"open-shadow-","15":"open-shadow-hover-","17":"first","18":"instock","19":"shipping-taxable","20":"purchasable","21":"product-type-variable"},"jetpack_sharing_enabled":true,"_links":{"self":[{"href":"https:\/\/www.deporteseli.com\/index.php?rest_route=\/wp\/v2\/product\/39734","targetHints":{"allow":["GET"]}}],"collection":[{"href":"https:\/\/www.deporteseli.com\/index.php?rest_route=\/wp\/v2\/product"}],"about":[{"href":"https:\/\/www.deporteseli.com\/index.php?rest_route=\/wp\/v2\/types\/product"}],"wp:featuredmedia":[{"embeddable":true,"href":"https:\/\/www.deporteseli.com\/index.php?rest_route=\/wp\/v2\/media\/53842"}],"wp:attachment":[{"href":"https:\/\/www.deporteseli.com\/index.php?rest_route=%2Fwp%2Fv2%2Fmedia&parent=39734"}],"wp:term":[{"taxonomy":"product_brand","embeddable":true,"href":"https:\/\/www.deporteseli.com\/index.php?rest_route=%2Fwp%2Fv2%2Fproduct_brand&post=39734"},{"taxonomy":"product_cat","embeddable":true,"href":"https:\/\/www.deporteseli.com\/index.php?rest_route=%2Fwp%2Fv2%2Fproduct_cat&post=39734"},{"taxonomy":"product_tag","embeddable":true,"href":"https:\/\/www.deporteseli.com\/index.php?rest_route=%2Fwp%2Fv2%2Fproduct_tag&post=39734"}],"curies":[{"name":"wp","href":"https:\/\/api.w.org\/{rel}","templated":true}]}}