{"id":39731,"date":"2026-01-27T18:38:05","date_gmt":"2026-01-27T18:38:05","guid":{"rendered":"https:\/\/www.deporteseli.com\/?product=sudadera-con-capucha-de-nino"},"modified":"2026-03-07T05:36:43","modified_gmt":"2026-03-07T05:36:43","slug":"sudadera-con-capucha-de-nino","status":"publish","type":"product","link":"https:\/\/www.deporteseli.com\/?product=sudadera-con-capucha-de-nino","title":{"rendered":"SUDADERA CON CAPUCHA DE NI\u00f1O"},"content":{"rendered":"<p>Una chaqueta con capucha suave y con cremallera completa hecha de materiales reciclados.    Detalles de producto:  Corte ajustado.  Cremallera completa. Capucha.  Polar 100% poli\u00e9ster reciclado.  AEROREADY  Bolsillos delanteros.  Calienta o refresca con esta chaqueta de entrenamiento con capucha adidas junior. Confeccionado en suave forro polar con un corte entallado, est\u00e1 equipado con la tecnolog\u00eda AEROREADY que evacua el sudor para mantenerte seco. Completamente con cremallera, permite un ajuste personalizado seg\u00fan tus deseos. Las cl\u00e1sicas 3 rayas y el logotipo deportivo completan el look.  Fabricado con materiales 100% reciclados, este producto es solo una de nuestras soluciones para combatir los residuos pl\u00e1sticos.                                                                                                                                                                                                                                                                                                                                                                                                                                                                                                                                                                                                                                                                                                                                                                                                                                                                                                                                                                                                                                        <\/p>\n","protected":false},"excerpt":{"rendered":"<p>SUDADERA CON CAPUCHA DE NI\u00f1O<\/p>\n","protected":false},"featured_media":53840,"template":"","meta":[],"product_brand":[],"product_cat":[302],"product_tag":[18],"class_list":{"0":"post-39731","1":"product","2":"type-product","3":"status-publish","4":"has-post-thumbnail","6":"product_cat-nino_textil_sudaderas","7":"product_tag-adidas","8":"pa_color-unico","9":"pa_talla-t-10","10":"pa_talla-t-12","11":"thunk-woo-product-list","12":"opn-qv-enable","13":"open-woo-hover-","14":"open-single-product-tab-horizontal","15":"open-shadow-","16":"open-shadow-hover-","18":"first","19":"instock","20":"shipping-taxable","21":"purchasable","22":"product-type-variable"},"jetpack_sharing_enabled":true,"_links":{"self":[{"href":"https:\/\/www.deporteseli.com\/index.php?rest_route=\/wp\/v2\/product\/39731","targetHints":{"allow":["GET"]}}],"collection":[{"href":"https:\/\/www.deporteseli.com\/index.php?rest_route=\/wp\/v2\/product"}],"about":[{"href":"https:\/\/www.deporteseli.com\/index.php?rest_route=\/wp\/v2\/types\/product"}],"wp:featuredmedia":[{"embeddable":true,"href":"https:\/\/www.deporteseli.com\/index.php?rest_route=\/wp\/v2\/media\/53840"}],"wp:attachment":[{"href":"https:\/\/www.deporteseli.com\/index.php?rest_route=%2Fwp%2Fv2%2Fmedia&parent=39731"}],"wp:term":[{"taxonomy":"product_brand","embeddable":true,"href":"https:\/\/www.deporteseli.com\/index.php?rest_route=%2Fwp%2Fv2%2Fproduct_brand&post=39731"},{"taxonomy":"product_cat","embeddable":true,"href":"https:\/\/www.deporteseli.com\/index.php?rest_route=%2Fwp%2Fv2%2Fproduct_cat&post=39731"},{"taxonomy":"product_tag","embeddable":true,"href":"https:\/\/www.deporteseli.com\/index.php?rest_route=%2Fwp%2Fv2%2Fproduct_tag&post=39731"}],"curies":[{"name":"wp","href":"https:\/\/api.w.org\/{rel}","templated":true}]}}