{"id":39729,"date":"2026-01-27T18:38:03","date_gmt":"2026-01-27T18:38:03","guid":{"rendered":"https:\/\/www.deporteseli.com\/?product=mochila-saco-essentials"},"modified":"2026-01-27T18:38:04","modified_gmt":"2026-01-27T18:38:04","slug":"mochila-saco-essentials","status":"publish","type":"product","link":"https:\/\/www.deporteseli.com\/?product=mochila-saco-essentials","title":{"rendered":"MOCHILA SACO ESSENTIALS"},"content":{"rendered":"<p>C\u00d3MODA, PR\u00c1CTICA Y SOSTENIBLE  Una botella de agua y tus zapatillas de escalada. O unos guantes para pesas y un tentempi\u00e9 para despu\u00e9s de entrenar. Transporta aquello que necesitas en tus sesiones de entrenamiento con esta pr\u00e1ctica mochila saco de adidas. El cierre de cord\u00f3n te permite llevarla en los hombros y acceder a su interior con total comodidad.    Este producto se ha fabricado con diferentes materiales t\u00e9cnicos y contiene al menos un 40% de material reciclado. Su objetivo es plantear otra soluci\u00f3n m\u00e1s que ayude a eliminar los residuos pl\u00e1sticos.  Dimensiones: 47 cm x 37 cm  Capacidad: 16 l  Tejido t\u00e9cnico 100% poli\u00e9ster reciclado  Cierres de cord\u00f3n  Cierre ajustable con cordones que hacen las veces de correas para los hombros  Color del art\u00edculo: Black \/ White  N\u00famero de art\u00edculo: HT4740                                                                                                                                                                                                                                                                                                                                                                                                                                                                                                                                                                                                                                                                                                                                                                                                                                                                                                                                                                                                                                        <\/p>\n","protected":false},"excerpt":{"rendered":"<p>MOCHILA SACO ESSENTIALS<\/p>\n","protected":false},"featured_media":53837,"template":"","meta":[],"product_brand":[],"product_cat":[401],"product_tag":[18],"class_list":{"0":"post-39729","1":"product","2":"type-product","3":"status-publish","4":"has-post-thumbnail","6":"product_cat-accesorios_mochilas","7":"product_tag-adidas","8":"pa_color-unico","9":"pa_talla-unica","10":"thunk-woo-product-list","11":"opn-qv-enable","12":"open-woo-hover-","13":"open-single-product-tab-horizontal","14":"open-shadow-","15":"open-shadow-hover-","17":"first","18":"instock","19":"shipping-taxable","20":"purchasable","21":"product-type-variable"},"jetpack_sharing_enabled":true,"_links":{"self":[{"href":"https:\/\/www.deporteseli.com\/index.php?rest_route=\/wp\/v2\/product\/39729","targetHints":{"allow":["GET"]}}],"collection":[{"href":"https:\/\/www.deporteseli.com\/index.php?rest_route=\/wp\/v2\/product"}],"about":[{"href":"https:\/\/www.deporteseli.com\/index.php?rest_route=\/wp\/v2\/types\/product"}],"wp:featuredmedia":[{"embeddable":true,"href":"https:\/\/www.deporteseli.com\/index.php?rest_route=\/wp\/v2\/media\/53837"}],"wp:attachment":[{"href":"https:\/\/www.deporteseli.com\/index.php?rest_route=%2Fwp%2Fv2%2Fmedia&parent=39729"}],"wp:term":[{"taxonomy":"product_brand","embeddable":true,"href":"https:\/\/www.deporteseli.com\/index.php?rest_route=%2Fwp%2Fv2%2Fproduct_brand&post=39729"},{"taxonomy":"product_cat","embeddable":true,"href":"https:\/\/www.deporteseli.com\/index.php?rest_route=%2Fwp%2Fv2%2Fproduct_cat&post=39729"},{"taxonomy":"product_tag","embeddable":true,"href":"https:\/\/www.deporteseli.com\/index.php?rest_route=%2Fwp%2Fv2%2Fproduct_tag&post=39729"}],"curies":[{"name":"wp","href":"https:\/\/api.w.org\/{rel}","templated":true}]}}