{"id":39724,"date":"2026-01-27T18:37:57","date_gmt":"2026-01-27T18:37:57","guid":{"rendered":"https:\/\/www.deporteseli.com\/?product=adidas-sudadera-ij8573"},"modified":"2026-03-07T05:36:38","modified_gmt":"2026-03-07T05:36:38","slug":"adidas-sudadera-ij8573","status":"publish","type":"product","link":"https:\/\/www.deporteseli.com\/?product=adidas-sudadera-ij8573","title":{"rendered":"ADIDAS SUDADERA IJ8573"},"content":{"rendered":"<p>Adidas Sudadera IJ8573  La sudadera Adidas IJ8573 es una prenda de vestir esencial para cualquier amante del deporte o de la moda casual. Su dise\u00f1o vers\u00e1til y su comodidad inigualable la hacen perfecta para cualquier ocasi\u00f3n.    Comodidad y Estilo  Esta sudadera combina la comodidad de una prenda deportiva con el estilo inconfundible de Adidas. Su tejido suave y ligero te mantendr\u00e1 c\u00f3modo durante todo el d\u00eda, mientras que su dise\u00f1o moderno y elegante te har\u00e1 destacar en cualquier situaci\u00f3n.  Marca: Adidas  Material: Poli\u00e9ster y algod\u00f3n                                                                                                                                                                                                                                                                                                                                                                                                                                                                                                                                                                                                                                                                                                                                                                                                                                                                                                                                                                                                                                        <\/p>\n","protected":false},"excerpt":{"rendered":"<p>ADIDAS SUDADERA IJ8573<\/p>\n","protected":false},"featured_media":53833,"template":"","meta":[],"product_brand":[],"product_cat":[253],"product_tag":[18],"class_list":{"0":"post-39724","1":"product","2":"type-product","3":"status-publish","4":"has-post-thumbnail","6":"product_cat-hombre_textil_sudaderas","7":"product_tag-adidas","8":"pa_color-unico","9":"pa_talla-l","10":"pa_talla-m","11":"thunk-woo-product-list","12":"opn-qv-enable","13":"open-woo-hover-","14":"open-single-product-tab-horizontal","15":"open-shadow-","16":"open-shadow-hover-","18":"first","19":"instock","20":"shipping-taxable","21":"purchasable","22":"product-type-variable"},"jetpack_sharing_enabled":true,"_links":{"self":[{"href":"https:\/\/www.deporteseli.com\/index.php?rest_route=\/wp\/v2\/product\/39724","targetHints":{"allow":["GET"]}}],"collection":[{"href":"https:\/\/www.deporteseli.com\/index.php?rest_route=\/wp\/v2\/product"}],"about":[{"href":"https:\/\/www.deporteseli.com\/index.php?rest_route=\/wp\/v2\/types\/product"}],"wp:featuredmedia":[{"embeddable":true,"href":"https:\/\/www.deporteseli.com\/index.php?rest_route=\/wp\/v2\/media\/53833"}],"wp:attachment":[{"href":"https:\/\/www.deporteseli.com\/index.php?rest_route=%2Fwp%2Fv2%2Fmedia&parent=39724"}],"wp:term":[{"taxonomy":"product_brand","embeddable":true,"href":"https:\/\/www.deporteseli.com\/index.php?rest_route=%2Fwp%2Fv2%2Fproduct_brand&post=39724"},{"taxonomy":"product_cat","embeddable":true,"href":"https:\/\/www.deporteseli.com\/index.php?rest_route=%2Fwp%2Fv2%2Fproduct_cat&post=39724"},{"taxonomy":"product_tag","embeddable":true,"href":"https:\/\/www.deporteseli.com\/index.php?rest_route=%2Fwp%2Fv2%2Fproduct_tag&post=39724"}],"curies":[{"name":"wp","href":"https:\/\/api.w.org\/{rel}","templated":true}]}}