{"id":39709,"date":"2026-01-27T18:37:37","date_gmt":"2026-01-27T18:37:37","guid":{"rendered":"https:\/\/www.deporteseli.com\/?product=botas-futbol-adidas-predator-accuracy-4-turf"},"modified":"2026-01-27T18:37:39","modified_gmt":"2026-01-27T18:37:39","slug":"botas-futbol-adidas-predator-accuracy-4-turf","status":"publish","type":"product","link":"https:\/\/www.deporteseli.com\/?product=botas-futbol-adidas-predator-accuracy-4-turf","title":{"rendered":"BOTAS F\u00faTBOL ADIDAS PREDATOR ACCURACY.4 TURF"},"content":{"rendered":"<p>Con estas botas de f\u00fatbol adidas Predator Accuracy.4 TF, de la nueva colecci\u00f3n Crazyrush Pack, para ni\u00f1o\/a y de color blanco, mejorar\u00e1n tu rendimiento en el control y la precisi\u00f3n del bal\u00f3n. Su parte superior sint\u00e9tica suave proporciona un ajuste c\u00f3modo. Su suela exterior de goma con tacos te ofrece estabilidad y control sobre superficies duras como tierra, moqueta o cemento. Este modelo posee cierre con cordones. M\u00e1rcalo todo lo que toques con estas botas.                                                                                                                                                                                                                                                                                                                                                                                                                                                                                                                                                                                                                                                                                                                                                                                                                                                                                                                                                                                                                                        <\/p>\n","protected":false},"excerpt":{"rendered":"<p>BOTAS F\u00faTBOL ADIDAS PREDATOR ACCURACY.4 TURF<\/p>\n","protected":false},"featured_media":53824,"template":"","meta":[],"product_brand":[],"product_cat":[318],"product_tag":[18],"class_list":{"0":"post-39709","1":"product","2":"type-product","3":"status-publish","4":"has-post-thumbnail","6":"product_cat-deportes_futbol_botas","7":"product_tag-adidas","8":"pa_color-unico","9":"pa_talla-37-5","10":"pa_talla-145","11":"thunk-woo-product-list","12":"opn-qv-enable","13":"open-woo-hover-","14":"open-single-product-tab-horizontal","15":"open-shadow-","16":"open-shadow-hover-","18":"first","19":"instock","20":"sale","21":"shipping-taxable","22":"purchasable","23":"product-type-variable"},"jetpack_sharing_enabled":true,"_links":{"self":[{"href":"https:\/\/www.deporteseli.com\/index.php?rest_route=\/wp\/v2\/product\/39709","targetHints":{"allow":["GET"]}}],"collection":[{"href":"https:\/\/www.deporteseli.com\/index.php?rest_route=\/wp\/v2\/product"}],"about":[{"href":"https:\/\/www.deporteseli.com\/index.php?rest_route=\/wp\/v2\/types\/product"}],"wp:featuredmedia":[{"embeddable":true,"href":"https:\/\/www.deporteseli.com\/index.php?rest_route=\/wp\/v2\/media\/53824"}],"wp:attachment":[{"href":"https:\/\/www.deporteseli.com\/index.php?rest_route=%2Fwp%2Fv2%2Fmedia&parent=39709"}],"wp:term":[{"taxonomy":"product_brand","embeddable":true,"href":"https:\/\/www.deporteseli.com\/index.php?rest_route=%2Fwp%2Fv2%2Fproduct_brand&post=39709"},{"taxonomy":"product_cat","embeddable":true,"href":"https:\/\/www.deporteseli.com\/index.php?rest_route=%2Fwp%2Fv2%2Fproduct_cat&post=39709"},{"taxonomy":"product_tag","embeddable":true,"href":"https:\/\/www.deporteseli.com\/index.php?rest_route=%2Fwp%2Fv2%2Fproduct_tag&post=39709"}],"curies":[{"name":"wp","href":"https:\/\/api.w.org\/{rel}","templated":true}]}}