{"id":39707,"date":"2026-01-27T18:37:34","date_gmt":"2026-01-27T18:37:34","guid":{"rendered":"https:\/\/www.deporteseli.com\/?product=gel-nimbus-25"},"modified":"2026-01-27T18:37:36","modified_gmt":"2026-01-27T18:37:36","slug":"gel-nimbus-25","status":"publish","type":"product","link":"https:\/\/www.deporteseli.com\/?product=gel-nimbus-25","title":{"rendered":"GEL-NIMBUS 25"},"content":{"rendered":"<p>Descripci\u00f3n  La zapatilla de running GEL-NIMBUS\u2122 25 se ha dise\u00f1ado para sentir la m\u00e1xima comodidad al correr y encontrar esa paz interior que te aporta el running. Presenta una amortiguaci\u00f3n m\u00e1xima para correr m\u00e1s sin que el cuerpo se resienta. Adem\u00e1s, est\u00e1 probada y aprobada por corredores. De hecho, fue elegida por los corredores como la zapatilla de running m\u00e1s c\u00f3moda en un test independiente de un laboratorio de biomec\u00e1nica de Australia Meridional.    La combinaci\u00f3n de la nueva tecnolog\u00eda PureGEL\u2122 y la suave espuma FF BLAST\u2122 PLUS ECO garantizan una comodidad incre\u00edble cada vez que quieras llegar a\u00fan m\u00e1s lejos. Adem\u00e1s, presenta un nuevo dise\u00f1o de la parte superior y el cuello que ofrece un ajuste c\u00f3modo sin precedentes.    \u00bfQu\u00e9 hace que la zapatilla de running GEL-NIMBUS\u2122 25 sea tan c\u00f3moda?    La innovadora tecnolog\u00eda PureGEL\u2122, m\u00e1s suave y con mejor absorci\u00f3n de impactos, reduce la presi\u00f3n en las articulaciones para que puedas seguir corriendo c\u00f3modamente.  La espuma FF BLAST\u2122 PLUS ECO garantiza un aterrizaje m\u00e1s suave y una amortiguaci\u00f3n adicional para que disfrutes corriendo tambi\u00e9n en superficies m\u00e1s duras.  El nuevo dise\u00f1o de la parte superior y el cuello ofrece un ajuste c\u00f3modo sin precedentes.  \u00bfPor qu\u00e9 otras cualidades destaca la zapatilla GEL-NIMBUS\u2122 25 ?    El dise\u00f1o de esta zapatilla se centra en la comodidad. Hemos dedicado horas a probarlas y perfeccionarlas en nuestro Institute of Sports Science (ISS) en Jap\u00f3n. Es tan c\u00f3moda que la pusimos a prueba con corredores. Result\u00f3 ser la mejor zapatilla de running y la elegida como la m\u00e1s c\u00f3moda durante un test independiente en un laboratorio de biomec\u00e1nica de Australia Meridional. La zapatilla de running GEL-NIMBUS\u2122 25 incluye m\u00e1s caracter\u00edsticas t\u00e9cnicas para ayudarte durante la carrera. Puedes consultarlas en la secci\u00f3n  Caracter\u00edsticas t\u00e9cnicas .                                                                                                                                                                                                                                                                                                                                                                                                                                                                                                                                                                                                                                                                                                                                                                                                                                                                                                                                                                                                                                        <\/p>\n","protected":false},"excerpt":{"rendered":"<p>GEL-NIMBUS 25<\/p>\n","protected":false},"featured_media":53820,"template":"","meta":[],"product_brand":[],"product_cat":[285],"product_tag":[19],"class_list":{"0":"post-39707","1":"product","2":"type-product","3":"status-publish","4":"has-post-thumbnail","6":"product_cat-mujer_calzado_running","7":"product_tag-asics","8":"pa_color-unico","9":"pa_talla-143","10":"thunk-woo-product-list","11":"opn-qv-enable","12":"open-woo-hover-","13":"open-single-product-tab-horizontal","14":"open-shadow-","15":"open-shadow-hover-","17":"first","18":"instock","19":"sale","20":"shipping-taxable","21":"purchasable","22":"product-type-variable"},"jetpack_sharing_enabled":true,"_links":{"self":[{"href":"https:\/\/www.deporteseli.com\/index.php?rest_route=\/wp\/v2\/product\/39707","targetHints":{"allow":["GET"]}}],"collection":[{"href":"https:\/\/www.deporteseli.com\/index.php?rest_route=\/wp\/v2\/product"}],"about":[{"href":"https:\/\/www.deporteseli.com\/index.php?rest_route=\/wp\/v2\/types\/product"}],"wp:featuredmedia":[{"embeddable":true,"href":"https:\/\/www.deporteseli.com\/index.php?rest_route=\/wp\/v2\/media\/53820"}],"wp:attachment":[{"href":"https:\/\/www.deporteseli.com\/index.php?rest_route=%2Fwp%2Fv2%2Fmedia&parent=39707"}],"wp:term":[{"taxonomy":"product_brand","embeddable":true,"href":"https:\/\/www.deporteseli.com\/index.php?rest_route=%2Fwp%2Fv2%2Fproduct_brand&post=39707"},{"taxonomy":"product_cat","embeddable":true,"href":"https:\/\/www.deporteseli.com\/index.php?rest_route=%2Fwp%2Fv2%2Fproduct_cat&post=39707"},{"taxonomy":"product_tag","embeddable":true,"href":"https:\/\/www.deporteseli.com\/index.php?rest_route=%2Fwp%2Fv2%2Fproduct_tag&post=39707"}],"curies":[{"name":"wp","href":"https:\/\/api.w.org\/{rel}","templated":true}]}}