{"id":39705,"date":"2026-01-27T18:37:31","date_gmt":"2026-01-27T18:37:31","guid":{"rendered":"https:\/\/www.deporteseli.com\/?product=gel-venture-9-2"},"modified":"2026-01-27T18:37:33","modified_gmt":"2026-01-27T18:37:33","slug":"gel-venture-9-2","status":"publish","type":"product","link":"https:\/\/www.deporteseli.com\/?product=gel-venture-9-2","title":{"rendered":"GEL-VENTURE 9"},"content":{"rendered":"<p>Las zapatillas GEL-VENTURE 9 han sido modificadas para proporcionar una mayor amortiguaci\u00f3n. Sus materiales han sido dise\u00f1ados estrat\u00e9gicamente para cuando cambias del entorno natural a las calles de la ciudad.?    La entresuela ha sido modificada con amortiguaci\u00f3n AMPLIFOAM y una mayor altura de la suela. En combinaci\u00f3n con la tecnolog\u00eda GEL en la parte posterior del pie, estas caracter\u00edsticas ayudan a crear una mayor sensaci\u00f3n de comodidad y suavidad bajo los pies.?    Por otro lado, la suela cuenta con un dibujo en relieve de tracci\u00f3n avanzada muy pr\u00e1ctico para las superficies de carretera y de senderos.    Estilo  : 1012B313.006                                                                                                                                                                                                                                                                                                                                                                                                                                                                                                                                                                                                                                                                                                                                                                                                                                                                                                                                                                                                                                        <\/p>\n","protected":false},"excerpt":{"rendered":"<p>GEL-VENTURE 9<\/p>\n","protected":false},"featured_media":53816,"template":"","meta":[],"product_brand":[],"product_cat":[286],"product_tag":[19],"class_list":{"0":"post-39705","1":"product","2":"type-product","3":"status-publish","4":"has-post-thumbnail","6":"product_cat-mujer_calzado_trail","7":"product_tag-asics","8":"pa_color-unico","9":"pa_talla-147","10":"thunk-woo-product-list","11":"opn-qv-enable","12":"open-woo-hover-","13":"open-single-product-tab-horizontal","14":"open-shadow-","15":"open-shadow-hover-","17":"first","18":"instock","19":"sale","20":"shipping-taxable","21":"purchasable","22":"product-type-variable"},"jetpack_sharing_enabled":true,"_links":{"self":[{"href":"https:\/\/www.deporteseli.com\/index.php?rest_route=\/wp\/v2\/product\/39705","targetHints":{"allow":["GET"]}}],"collection":[{"href":"https:\/\/www.deporteseli.com\/index.php?rest_route=\/wp\/v2\/product"}],"about":[{"href":"https:\/\/www.deporteseli.com\/index.php?rest_route=\/wp\/v2\/types\/product"}],"wp:featuredmedia":[{"embeddable":true,"href":"https:\/\/www.deporteseli.com\/index.php?rest_route=\/wp\/v2\/media\/53816"}],"wp:attachment":[{"href":"https:\/\/www.deporteseli.com\/index.php?rest_route=%2Fwp%2Fv2%2Fmedia&parent=39705"}],"wp:term":[{"taxonomy":"product_brand","embeddable":true,"href":"https:\/\/www.deporteseli.com\/index.php?rest_route=%2Fwp%2Fv2%2Fproduct_brand&post=39705"},{"taxonomy":"product_cat","embeddable":true,"href":"https:\/\/www.deporteseli.com\/index.php?rest_route=%2Fwp%2Fv2%2Fproduct_cat&post=39705"},{"taxonomy":"product_tag","embeddable":true,"href":"https:\/\/www.deporteseli.com\/index.php?rest_route=%2Fwp%2Fv2%2Fproduct_tag&post=39705"}],"curies":[{"name":"wp","href":"https:\/\/api.w.org\/{rel}","templated":true}]}}