{"id":39703,"date":"2026-01-27T18:37:29","date_gmt":"2026-01-27T18:37:29","guid":{"rendered":"https:\/\/www.deporteseli.com\/?product=head-extreme-pro-palas-de-padel"},"modified":"2026-03-21T05:18:40","modified_gmt":"2026-03-21T05:18:40","slug":"head-extreme-pro-palas-de-padel","status":"publish","type":"product","link":"https:\/\/www.deporteseli.com\/?product=head-extreme-pro-palas-de-padel","title":{"rendered":"HEAD EXTREME PRO PALAS DE P\u00e1DEL"},"content":{"rendered":"<p>La m\u00e1xima potencia se da la mano con un tacto y unas sensaciones impresionantes en la PALA DE P\u00c1DEL EXTREME PRO. Esta pala en forma de diamante, dise\u00f1ada para jugadores avanzados y profesionales, se ha fabricado con un molde nuevo e incorpora la nueva tecnolog\u00eda de tap\u00f3n blando en la base de la empu\u00f1adura, que proporciona una mayor sensaci\u00f3n de suavidad en el juego y disminuye las vibraciones. La innovadora tecnolog\u00eda Auxetic brinda una potencia superior y una sensaci\u00f3n de impacto excepcional, mientras que la superficie de golpeo h\u00edbrida, mezcla de carbono y fibra de vidrio, mejora la potencia y el tacto. Lleva tu juego al m\u00e1ximo con una pala que incorpora la tecnolog\u00eda Extreme Spin, que multiplica el efecto sobre la pelota, adem\u00e1s de un dise\u00f1o exclusivo de llamativos colores.     \u2022 Potencia extrema para jugadores avanzados y profesionales  \u2022 Nuevo molde en forma de diamante  \u2022 Nueva tecnolog\u00eda de tap\u00f3n blando en la base de la empu\u00f1adura  \u2022 Tecnolog\u00eda Auxetic para una potencia superior y un tacto excepcional  \u2022 Material h\u00edbrido en la cara, mezcla de carbono y fibra de vidrio, para una potencia superior  \u2022 Tecnolog\u00eda Extreme Spin para un efecto extremo  \u2022 Dise\u00f1o de colores exclusivo  DETALLES  TECNOLOG\u00cdAS  DELIVERY &amp; RETURNS  FORMA:  Diamante  PESO:  370 g \/ 13.1 oz  TAMA\u00d1O DE CABEZA:  494 cm\u00b2 \/ 77 in\u00b2  EQUILIBRIO:  272 mm \/ 1.8 in HH  PERFIL DEL MARCO:  38 mm \/ 1.5 in  Auxetic  AUXETIC  La construcci\u00f3n Auxetic tiene una deformaci\u00f3n \u00fanica en comparaci\u00f3n con las construcciones no aux\u00e9ticas. Las construcci\u00f3n Auxetic se ensanchan cuando se aplica una fuerza de  tracci\u00f3n  y se contraen cuando se aprietan. Cuanto mayor sea la fuerza aplicada, mayor ser\u00e1 la reacci\u00f3n Auxetic.    Power FoamPower Foam  POWER FOAM  POWER FOAM: es el aliado perfecto para una potencia m\u00e1xima. La velocidad que alcanzar\u00e1 la pelota sorprender\u00e1 a tus rivales tanto como a ti mismo.    Extreme SpinExtreme Spin  EXTREME SPIN  EXTREME SPIN: la textura rugosa multiplica la creaci\u00f3n de efecto sobre la pelota. Consigue efectos imposibles gracias al Extreme Spin.    Optimized Sweet SpotOptimized Sweet Spot  OPTIMIZED SWEET SPOT  Cada pala tiene su ADN, su identidad. Unas buscar\u00e1n control y precisi\u00f3n, otras potencia o confort o efecto. De modo que Head ha desarrollado el Optimized Sweet Spot. Aportando la caracter\u00edstica deseada.    Smart BridgeSmart Bridge  SMART BRIDGE  Cada pala tiene su ADN. Unas buscar\u00e1n control y precisi\u00f3n, otras potencia o confort. Es por ello que HEAD ha desarrollado el Smart Bridge, para adaptar la zona del puente a las necesidades de cada pala.    Tailored FrameTailored Frame  TAILORED FRAME  Every tube section is individually constructed to achieve the best performance for each racquet.    Soft ButtcapSoft Buttcap  SOFT BUTTCAP  El nuevo tap\u00f3n hecho de material de construcci\u00f3n bi-componente proporciona un agarre c\u00f3modo y suave.  Con un acabado de color naranja, sirve para amortiguar las vibraciones y reducir la presi\u00f3n, evitando lesiones y ampollas en las manos.    Anti Shock Skin PadelAnti Shock Skin Padel  ANTI SHOCK SKIN PADEL  La tecnolog\u00eda Anti-Shock de HEAD es ideal para proteger tu raqueta de golpes y ara\u00f1azos y alargar su vida \u00fatil.    Graphene InsideGraphene Inside  GRAPHENE INSIDE  Graphene fortalece el marco, proporciona una mayor estabilidad y optimiza la transferencia de energ\u00eda de la raqueta a la pelota. Cuando compre su pr\u00f3xima raqueta, aseg\u00farese de que tenga GRAFENO EN EL INTERIOR.                                                                                                                                                                                                                                                                                                                                                                                                                                                                                                                                                                                                                                                                                                                                                                                                                                                                                                                                                                                                                                        <\/p>\n","protected":false},"excerpt":{"rendered":"<p>HEAD EXTREME PRO PALAS DE P\u00e1DEL<\/p>\n","protected":false},"featured_media":53811,"template":"","meta":[],"product_brand":[],"product_cat":[353],"product_tag":[22],"class_list":{"0":"post-39703","1":"product","2":"type-product","3":"status-publish","4":"has-post-thumbnail","6":"product_cat-padel_y_tenis_palas","7":"product_tag-head","8":"pa_color-unico","9":"pa_talla-unica","10":"thunk-woo-product-list","11":"opn-qv-enable","12":"open-woo-hover-","13":"open-single-product-tab-horizontal","14":"open-shadow-","15":"open-shadow-hover-","17":"first","18":"instock","19":"sale","20":"shipping-taxable","21":"purchasable","22":"product-type-variable"},"jetpack_sharing_enabled":true,"_links":{"self":[{"href":"https:\/\/www.deporteseli.com\/index.php?rest_route=\/wp\/v2\/product\/39703","targetHints":{"allow":["GET"]}}],"collection":[{"href":"https:\/\/www.deporteseli.com\/index.php?rest_route=\/wp\/v2\/product"}],"about":[{"href":"https:\/\/www.deporteseli.com\/index.php?rest_route=\/wp\/v2\/types\/product"}],"wp:featuredmedia":[{"embeddable":true,"href":"https:\/\/www.deporteseli.com\/index.php?rest_route=\/wp\/v2\/media\/53811"}],"wp:attachment":[{"href":"https:\/\/www.deporteseli.com\/index.php?rest_route=%2Fwp%2Fv2%2Fmedia&parent=39703"}],"wp:term":[{"taxonomy":"product_brand","embeddable":true,"href":"https:\/\/www.deporteseli.com\/index.php?rest_route=%2Fwp%2Fv2%2Fproduct_brand&post=39703"},{"taxonomy":"product_cat","embeddable":true,"href":"https:\/\/www.deporteseli.com\/index.php?rest_route=%2Fwp%2Fv2%2Fproduct_cat&post=39703"},{"taxonomy":"product_tag","embeddable":true,"href":"https:\/\/www.deporteseli.com\/index.php?rest_route=%2Fwp%2Fv2%2Fproduct_tag&post=39703"}],"curies":[{"name":"wp","href":"https:\/\/api.w.org\/{rel}","templated":true}]}}