{"id":39688,"date":"2026-01-27T18:37:10","date_gmt":"2026-01-27T18:37:10","guid":{"rendered":"https:\/\/www.deporteseli.com\/?product=sudadera-con-capucha-y-cremallera-completa"},"modified":"2026-03-07T05:36:21","modified_gmt":"2026-03-07T05:36:21","slug":"sudadera-con-capucha-y-cremallera-completa","status":"publish","type":"product","link":"https:\/\/www.deporteseli.com\/?product=sudadera-con-capucha-y-cremallera-completa","title":{"rendered":"SUDADERA CON CAPUCHA Y CREMALLERA COMPLETA"},"content":{"rendered":"<p>Ropa de deporte  Tipo  Chaquetilla con Capucha  Grupo de producto  Tops de pista  Todas las Categor\u00edas  Textil , no espec\u00edfico para deportes.  L\u00ednea de Producto  APP Ropa Deportiva Ni\u00f1os  Fecha Disponible  Composici\u00f3n  77% Algod\u00f3n\/23%REC.PES                                                                                                                                                                                                                                                                                                                                                                                                                                                                                                                                                                                                                                                                                                                                                                                                                                                                                                                                                                                                                                        <\/p>\n","protected":false},"excerpt":{"rendered":"<p>SUDADERA CON CAPUCHA Y CREMALLERA COMPLETA<\/p>\n","protected":false},"featured_media":53797,"template":"","meta":[],"product_brand":[],"product_cat":[384],"product_tag":[18],"class_list":{"0":"post-39688","1":"product","2":"type-product","3":"status-publish","4":"has-post-thumbnail","6":"product_cat-ninas_textil_sudaderas","7":"product_tag-adidas","8":"pa_color-unico","9":"pa_talla-t-12","10":"pa_talla-t-14","11":"thunk-woo-product-list","12":"opn-qv-enable","13":"open-woo-hover-","14":"open-single-product-tab-horizontal","15":"open-shadow-","16":"open-shadow-hover-","18":"first","19":"instock","20":"shipping-taxable","21":"purchasable","22":"product-type-variable"},"jetpack_sharing_enabled":true,"_links":{"self":[{"href":"https:\/\/www.deporteseli.com\/index.php?rest_route=\/wp\/v2\/product\/39688","targetHints":{"allow":["GET"]}}],"collection":[{"href":"https:\/\/www.deporteseli.com\/index.php?rest_route=\/wp\/v2\/product"}],"about":[{"href":"https:\/\/www.deporteseli.com\/index.php?rest_route=\/wp\/v2\/types\/product"}],"wp:featuredmedia":[{"embeddable":true,"href":"https:\/\/www.deporteseli.com\/index.php?rest_route=\/wp\/v2\/media\/53797"}],"wp:attachment":[{"href":"https:\/\/www.deporteseli.com\/index.php?rest_route=%2Fwp%2Fv2%2Fmedia&parent=39688"}],"wp:term":[{"taxonomy":"product_brand","embeddable":true,"href":"https:\/\/www.deporteseli.com\/index.php?rest_route=%2Fwp%2Fv2%2Fproduct_brand&post=39688"},{"taxonomy":"product_cat","embeddable":true,"href":"https:\/\/www.deporteseli.com\/index.php?rest_route=%2Fwp%2Fv2%2Fproduct_cat&post=39688"},{"taxonomy":"product_tag","embeddable":true,"href":"https:\/\/www.deporteseli.com\/index.php?rest_route=%2Fwp%2Fv2%2Fproduct_tag&post=39688"}],"curies":[{"name":"wp","href":"https:\/\/api.w.org\/{rel}","templated":true}]}}