{"id":39646,"date":"2026-01-27T18:36:17","date_gmt":"2026-01-27T18:36:17","guid":{"rendered":"https:\/\/www.deporteseli.com\/?product=mallas-loungewear-essentials-3-bandas-2"},"modified":"2026-03-07T05:35:40","modified_gmt":"2026-03-07T05:35:40","slug":"mallas-loungewear-essentials-3-bandas-2","status":"publish","type":"product","link":"https:\/\/www.deporteseli.com\/?product=mallas-loungewear-essentials-3-bandas-2","title":{"rendered":"MALLAS LOUNGEWEAR ESSENTIALS 3 BANDAS"},"content":{"rendered":"<p>ESTILO DEPORTIVO PARA LLEVAR A DIARIO  La versatilidad para el d\u00eda a d\u00eda se combina con un look cl\u00e1sico. Estas mallas adidas lucen un dise\u00f1o deportivo con las 3 bandas y el logotipo de adidas en la cadera. El\u00e1sticas y c\u00f3modas, se han confeccionado en algod\u00f3n suave.    Nuestros productos de algod\u00f3n se han fabricado de forma sostenible. Es una de nuestras iniciativas para alcanzar nuestro objetivo de reducir los residuos pl\u00e1sticos.  Corte entallado  Cintura el\u00e1stica a la vista  Punto 93% algod\u00f3n \/ 7% elast\u00e1n  Color del art\u00edculo: Shadow Red \/ White  N\u00famero de art\u00edculo: IM2850                                                                                                                                                                                                                                                                                                                                                                                                                                                                                                                                                                                                                                                                                                                                                                                                                                                                                                                                                                                                                                        <\/p>\n","protected":false},"excerpt":{"rendered":"<p>MALLAS LOUNGEWEAR ESSENTIALS 3 BANDAS<\/p>\n","protected":false},"featured_media":53771,"template":"","meta":[],"product_brand":[],"product_cat":[281],"product_tag":[18],"class_list":{"0":"post-39646","1":"product","2":"type-product","3":"status-publish","4":"has-post-thumbnail","6":"product_cat-mujer_textil_mallas","7":"product_tag-adidas","8":"pa_color-unico","9":"pa_talla-43-46","10":"thunk-woo-product-list","11":"opn-qv-enable","12":"open-woo-hover-","13":"open-single-product-tab-horizontal","14":"open-shadow-","15":"open-shadow-hover-","17":"first","18":"instock","19":"shipping-taxable","20":"purchasable","21":"product-type-variable"},"jetpack_sharing_enabled":true,"_links":{"self":[{"href":"https:\/\/www.deporteseli.com\/index.php?rest_route=\/wp\/v2\/product\/39646","targetHints":{"allow":["GET"]}}],"collection":[{"href":"https:\/\/www.deporteseli.com\/index.php?rest_route=\/wp\/v2\/product"}],"about":[{"href":"https:\/\/www.deporteseli.com\/index.php?rest_route=\/wp\/v2\/types\/product"}],"wp:featuredmedia":[{"embeddable":true,"href":"https:\/\/www.deporteseli.com\/index.php?rest_route=\/wp\/v2\/media\/53771"}],"wp:attachment":[{"href":"https:\/\/www.deporteseli.com\/index.php?rest_route=%2Fwp%2Fv2%2Fmedia&parent=39646"}],"wp:term":[{"taxonomy":"product_brand","embeddable":true,"href":"https:\/\/www.deporteseli.com\/index.php?rest_route=%2Fwp%2Fv2%2Fproduct_brand&post=39646"},{"taxonomy":"product_cat","embeddable":true,"href":"https:\/\/www.deporteseli.com\/index.php?rest_route=%2Fwp%2Fv2%2Fproduct_cat&post=39646"},{"taxonomy":"product_tag","embeddable":true,"href":"https:\/\/www.deporteseli.com\/index.php?rest_route=%2Fwp%2Fv2%2Fproduct_tag&post=39646"}],"curies":[{"name":"wp","href":"https:\/\/api.w.org\/{rel}","templated":true}]}}