{"id":39638,"date":"2026-01-27T18:36:08","date_gmt":"2026-01-27T18:36:08","guid":{"rendered":"https:\/\/www.deporteseli.com\/?product=adidas-tensaur-sport-2-0-k"},"modified":"2026-01-27T18:36:09","modified_gmt":"2026-01-27T18:36:09","slug":"adidas-tensaur-sport-2-0-k","status":"publish","type":"product","link":"https:\/\/www.deporteseli.com\/?product=adidas-tensaur-sport-2-0-k","title":{"rendered":"ADIDAS TENSAUR SPORT 2.0 K"},"content":{"rendered":"<p>PARTE SUPERIOR &#8211; CUERO SINT\u00c9TICO  Se caracteriza por una buena adaptabilidad y una excelente resistencia. Despu\u00e9s de algunos usos, los zapatos se estirar\u00e1n un poco y se volver\u00e1n m\u00e1s c\u00f3modos. Adem\u00e1s, el cuero tiene una durabilidad excelente y est\u00e1 bien mantenido.    ENTRESUELA &#8211; EVA  La tecnolog\u00eda b\u00e1sica utilizada en la mayor\u00eda de los modelos de zapatillas, que se caracteriza por una buena amortiguaci\u00f3n y capacidad de respuesta. En lo que respecta a estas dos propiedades, existen mejores tecnolog\u00edas con m\u00e1s amortiguaci\u00f3n y retorno de energ\u00eda. Sin embargo, el EVA (o etileno acetato de vinilo) es m\u00e1s asequible y, a menudo, m\u00e1s adecuado que ellos. No siempre necesitas el zapato m\u00e1s suave.    SUELA &#8211; CAUCHO  No puedes equivocarte con una suela de goma. Dura mucho, es f\u00e1cil de limpiar y tiene una gran tracci\u00f3n.                                                                                                                                                                                                                                                                                                                                                                                                                                                                                                                                                                                                                                                                                                                                                                                                                                                                                                                                                                                                                                        <\/p>\n","protected":false},"excerpt":{"rendered":"<p>ADIDAS TENSAUR SPORT 2.0 K<\/p>\n","protected":false},"featured_media":53759,"template":"","meta":[],"product_brand":[],"product_cat":[392],"product_tag":[18],"class_list":{"0":"post-39638","1":"product","2":"type-product","3":"status-publish","4":"has-post-thumbnail","6":"product_cat-ninas_calzado_casual","7":"product_tag-adidas","8":"pa_color-unico","9":"pa_talla-39-5","10":"thunk-woo-product-list","11":"opn-qv-enable","12":"open-woo-hover-","13":"open-single-product-tab-horizontal","14":"open-shadow-","15":"open-shadow-hover-","17":"first","18":"instock","19":"sale","20":"shipping-taxable","21":"purchasable","22":"product-type-variable"},"jetpack_sharing_enabled":true,"_links":{"self":[{"href":"https:\/\/www.deporteseli.com\/index.php?rest_route=\/wp\/v2\/product\/39638","targetHints":{"allow":["GET"]}}],"collection":[{"href":"https:\/\/www.deporteseli.com\/index.php?rest_route=\/wp\/v2\/product"}],"about":[{"href":"https:\/\/www.deporteseli.com\/index.php?rest_route=\/wp\/v2\/types\/product"}],"wp:featuredmedia":[{"embeddable":true,"href":"https:\/\/www.deporteseli.com\/index.php?rest_route=\/wp\/v2\/media\/53759"}],"wp:attachment":[{"href":"https:\/\/www.deporteseli.com\/index.php?rest_route=%2Fwp%2Fv2%2Fmedia&parent=39638"}],"wp:term":[{"taxonomy":"product_brand","embeddable":true,"href":"https:\/\/www.deporteseli.com\/index.php?rest_route=%2Fwp%2Fv2%2Fproduct_brand&post=39638"},{"taxonomy":"product_cat","embeddable":true,"href":"https:\/\/www.deporteseli.com\/index.php?rest_route=%2Fwp%2Fv2%2Fproduct_cat&post=39638"},{"taxonomy":"product_tag","embeddable":true,"href":"https:\/\/www.deporteseli.com\/index.php?rest_route=%2Fwp%2Fv2%2Fproduct_tag&post=39638"}],"curies":[{"name":"wp","href":"https:\/\/api.w.org\/{rel}","templated":true}]}}