{"id":39629,"date":"2026-01-27T18:35:57","date_gmt":"2026-01-27T18:35:57","guid":{"rendered":"https:\/\/www.deporteseli.com\/?product=botas-joma-toledo-jr-2303"},"modified":"2026-01-27T18:36:00","modified_gmt":"2026-01-27T18:36:00","slug":"botas-joma-toledo-jr-2303","status":"publish","type":"product","link":"https:\/\/www.deporteseli.com\/?product=botas-joma-toledo-jr-2303","title":{"rendered":"BOTAS JOMA TOLEDO JR 2303"},"content":{"rendered":"<p>  Nueva Bota para ni\u00f1o cuyas principales caracter\u00edsticas son la resistencia y durabilidad  CARCASA-0  CARCASA  Realizado en microfibra sint\u00e9tica, que confieren a la zapatilla durabilidad. El acolchado del cuello y del interior la hacen muy c\u00f3moda.                                                                                                                                                                                                                                                                                                                                                                                                                                                                                                                                                                                                                                                                                                                                                                                                                                                                                                                                                                                                                                        <\/p>\n","protected":false},"excerpt":{"rendered":"<p>BOTAS JOMA TOLEDO JR 2303<\/p>\n","protected":false},"featured_media":53754,"template":"","meta":[],"product_brand":[],"product_cat":[318],"product_tag":[31],"class_list":{"0":"post-39629","1":"product","2":"type-product","3":"status-publish","4":"has-post-thumbnail","6":"product_cat-deportes_futbol_botas","7":"product_tag-joma","8":"pa_color-unico","9":"pa_talla-125","10":"pa_talla-141","11":"pa_talla-143","12":"thunk-woo-product-list","13":"opn-qv-enable","14":"open-woo-hover-","15":"open-single-product-tab-horizontal","16":"open-shadow-","17":"open-shadow-hover-","19":"first","20":"instock","21":"sale","22":"shipping-taxable","23":"purchasable","24":"product-type-variable"},"jetpack_sharing_enabled":true,"_links":{"self":[{"href":"https:\/\/www.deporteseli.com\/index.php?rest_route=\/wp\/v2\/product\/39629","targetHints":{"allow":["GET"]}}],"collection":[{"href":"https:\/\/www.deporteseli.com\/index.php?rest_route=\/wp\/v2\/product"}],"about":[{"href":"https:\/\/www.deporteseli.com\/index.php?rest_route=\/wp\/v2\/types\/product"}],"wp:featuredmedia":[{"embeddable":true,"href":"https:\/\/www.deporteseli.com\/index.php?rest_route=\/wp\/v2\/media\/53754"}],"wp:attachment":[{"href":"https:\/\/www.deporteseli.com\/index.php?rest_route=%2Fwp%2Fv2%2Fmedia&parent=39629"}],"wp:term":[{"taxonomy":"product_brand","embeddable":true,"href":"https:\/\/www.deporteseli.com\/index.php?rest_route=%2Fwp%2Fv2%2Fproduct_brand&post=39629"},{"taxonomy":"product_cat","embeddable":true,"href":"https:\/\/www.deporteseli.com\/index.php?rest_route=%2Fwp%2Fv2%2Fproduct_cat&post=39629"},{"taxonomy":"product_tag","embeddable":true,"href":"https:\/\/www.deporteseli.com\/index.php?rest_route=%2Fwp%2Fv2%2Fproduct_tag&post=39629"}],"curies":[{"name":"wp","href":"https:\/\/api.w.org\/{rel}","templated":true}]}}