{"id":39622,"date":"2026-01-27T18:35:48","date_gmt":"2026-01-27T18:35:48","guid":{"rendered":"https:\/\/www.deporteseli.com\/?product=pantalon-corto-hummel-hmlray-2-0-3"},"modified":"2026-03-07T05:35:38","modified_gmt":"2026-03-07T05:35:38","slug":"pantalon-corto-hummel-hmlray-2-0-3","status":"publish","type":"product","link":"https:\/\/www.deporteseli.com\/?product=pantalon-corto-hummel-hmlray-2-0-3","title":{"rendered":"PANTAL\u00f3N CORTO HUMMEL HMLRAY 2.0"},"content":{"rendered":"<p>tela de sudor  Logotipo impreso y chevrones.  Cintura con cord\u00f3n ajustable  Bolsillos con cremallera  Ajuste regular  Calidad: Negro azul oscuro: 60% algod\u00f3n, 38% poli\u00e9ster, 2% elastano &#8211; Gris claro oscuro: 76% algod\u00f3n, 12% poli\u00e9ster, 10% viscosa, 2% elastano                                                                                                                                                                                                                                                                                                                                                                                                                                                                                                                                                                                                                                                                                                                                                                                                                                                                                                                                                                                                                                        <\/p>\n","protected":false},"excerpt":{"rendered":"<p>PANTAL\u00f3N CORTO HUMMEL HMLRAY 2.0<\/p>\n","protected":false},"featured_media":53749,"template":"","meta":[],"product_brand":[],"product_cat":[250],"product_tag":[55],"class_list":{"0":"post-39622","1":"product","2":"type-product","3":"status-publish","4":"has-post-thumbnail","6":"product_cat-hombre_textil_bermudas","7":"product_tag-hummel","8":"pa_color-unico","9":"pa_talla-l","10":"pa_talla-m","11":"thunk-woo-product-list","12":"opn-qv-enable","13":"open-woo-hover-","14":"open-single-product-tab-horizontal","15":"open-shadow-","16":"open-shadow-hover-","18":"first","19":"instock","20":"shipping-taxable","21":"purchasable","22":"product-type-variable"},"jetpack_sharing_enabled":true,"_links":{"self":[{"href":"https:\/\/www.deporteseli.com\/index.php?rest_route=\/wp\/v2\/product\/39622","targetHints":{"allow":["GET"]}}],"collection":[{"href":"https:\/\/www.deporteseli.com\/index.php?rest_route=\/wp\/v2\/product"}],"about":[{"href":"https:\/\/www.deporteseli.com\/index.php?rest_route=\/wp\/v2\/types\/product"}],"wp:featuredmedia":[{"embeddable":true,"href":"https:\/\/www.deporteseli.com\/index.php?rest_route=\/wp\/v2\/media\/53749"}],"wp:attachment":[{"href":"https:\/\/www.deporteseli.com\/index.php?rest_route=%2Fwp%2Fv2%2Fmedia&parent=39622"}],"wp:term":[{"taxonomy":"product_brand","embeddable":true,"href":"https:\/\/www.deporteseli.com\/index.php?rest_route=%2Fwp%2Fv2%2Fproduct_brand&post=39622"},{"taxonomy":"product_cat","embeddable":true,"href":"https:\/\/www.deporteseli.com\/index.php?rest_route=%2Fwp%2Fv2%2Fproduct_cat&post=39622"},{"taxonomy":"product_tag","embeddable":true,"href":"https:\/\/www.deporteseli.com\/index.php?rest_route=%2Fwp%2Fv2%2Fproduct_tag&post=39622"}],"curies":[{"name":"wp","href":"https:\/\/api.w.org\/{rel}","templated":true}]}}