{"id":39585,"date":"2026-01-27T18:35:04","date_gmt":"2026-01-27T18:35:04","guid":{"rendered":"https:\/\/www.deporteseli.com\/?product=tenis-j-smith-vener-23i"},"modified":"2026-01-27T18:35:10","modified_gmt":"2026-01-27T18:35:10","slug":"tenis-j-smith-vener-23i","status":"publish","type":"product","link":"https:\/\/www.deporteseli.com\/?product=tenis-j-smith-vener-23i","title":{"rendered":"TENIS J.SMITH VENER 23I"},"content":{"rendered":"<p>Zapatilla caracterizada por su facilidad de ajuste, no tiene cordones, con solo abrir el velcro y meter el pie, los el\u00e1sticos nos sujetar\u00e1n, despu\u00e9s, al cerrar el velcro, tendremos la zapatilla perfectamente ajustada. Destacamos su suela de goma tipo casco que va cosida al corte, un extra de seguridad.    TECNOLOG\u00cdAS:    Rubberlast, Flextep, Tira de velcro.                                                                                                                                                                                                                                                                                                                                                                                                                                                                                                                                                                                                                                                                                                                                                                                                                                                                                                                                                                                                                                        <\/p>\n","protected":false},"excerpt":{"rendered":"<p>TENIS J.SMITH VENER 23I<\/p>\n","protected":false},"featured_media":53727,"template":"","meta":[],"product_brand":[],"product_cat":[310],"product_tag":[43],"class_list":{"0":"post-39585","1":"product","2":"type-product","3":"status-publish","4":"has-post-thumbnail","6":"product_cat-nino_calzado_casual","7":"product_tag-jhon_smith","8":"pa_color-unico","9":"pa_talla-125","10":"pa_talla-129","11":"pa_talla-133","12":"pa_talla-137","13":"pa_talla-145","14":"thunk-woo-product-list","15":"opn-qv-enable","16":"open-woo-hover-","17":"open-single-product-tab-horizontal","18":"open-shadow-","19":"open-shadow-hover-","21":"first","22":"instock","23":"sale","24":"shipping-taxable","25":"purchasable","26":"product-type-variable"},"jetpack_sharing_enabled":true,"_links":{"self":[{"href":"https:\/\/www.deporteseli.com\/index.php?rest_route=\/wp\/v2\/product\/39585","targetHints":{"allow":["GET"]}}],"collection":[{"href":"https:\/\/www.deporteseli.com\/index.php?rest_route=\/wp\/v2\/product"}],"about":[{"href":"https:\/\/www.deporteseli.com\/index.php?rest_route=\/wp\/v2\/types\/product"}],"wp:featuredmedia":[{"embeddable":true,"href":"https:\/\/www.deporteseli.com\/index.php?rest_route=\/wp\/v2\/media\/53727"}],"wp:attachment":[{"href":"https:\/\/www.deporteseli.com\/index.php?rest_route=%2Fwp%2Fv2%2Fmedia&parent=39585"}],"wp:term":[{"taxonomy":"product_brand","embeddable":true,"href":"https:\/\/www.deporteseli.com\/index.php?rest_route=%2Fwp%2Fv2%2Fproduct_brand&post=39585"},{"taxonomy":"product_cat","embeddable":true,"href":"https:\/\/www.deporteseli.com\/index.php?rest_route=%2Fwp%2Fv2%2Fproduct_cat&post=39585"},{"taxonomy":"product_tag","embeddable":true,"href":"https:\/\/www.deporteseli.com\/index.php?rest_route=%2Fwp%2Fv2%2Fproduct_tag&post=39585"}],"curies":[{"name":"wp","href":"https:\/\/api.w.org\/{rel}","templated":true}]}}