{"id":39575,"date":"2026-01-27T18:34:53","date_gmt":"2026-01-27T18:34:53","guid":{"rendered":"https:\/\/www.deporteseli.com\/?product=sudadera-puma-essential-camo-2"},"modified":"2026-03-07T05:34:57","modified_gmt":"2026-03-07T05:34:57","slug":"sudadera-puma-essential-camo-2","status":"publish","type":"product","link":"https:\/\/www.deporteseli.com\/?product=sudadera-puma-essential-camo-2","title":{"rendered":"SUDADERA PUMA ESSENTIAL CAMO"},"content":{"rendered":"<p>Descripci\u00f3n del producto  Haga una declaraci\u00f3n y sea audaz y juguet\u00f3n con esta sudadera con capucha ESS  CAMO. La sudadera con capucha de ajuste regular para hombre cuenta con pu\u00f1os acanalados, cintura acanalada y un logotipo de PUMA de goma con un gr\u00e1fico de camuflaje en el pecho. El algod\u00f3n de los productos PUMA proviene de granjas que se centran en la agricultura sostenible, como la eficiencia del agua y la protecci\u00f3n de la salud del suelo. Fabricado con al menos un 20 % de material reciclado como un paso hacia un futuro mejor. Corte normal. Estampado gr\u00e1fico de camuflaje en caucho. Capucha con cord\u00f3n para un ajuste regulable. Pu\u00f1os y cintura acanalados.                                                                                                                                                                                                                                                                                                                                                                                                                                                                                                                                                                                                                                                                                                                                                                                                                                                                                                                                                                                                                                        <\/p>\n","protected":false},"excerpt":{"rendered":"<p>SUDADERA PUMA ESSENTIAL CAMO<\/p>\n","protected":false},"featured_media":53716,"template":"","meta":[],"product_brand":[],"product_cat":[253],"product_tag":[32],"class_list":{"0":"post-39575","1":"product","2":"type-product","3":"status-publish","4":"has-post-thumbnail","6":"product_cat-hombre_textil_sudaderas","7":"product_tag-puma","8":"pa_color-unico","9":"pa_talla-l","10":"pa_talla-xxl","11":"thunk-woo-product-list","12":"opn-qv-enable","13":"open-woo-hover-","14":"open-single-product-tab-horizontal","15":"open-shadow-","16":"open-shadow-hover-","18":"first","19":"instock","20":"shipping-taxable","21":"purchasable","22":"product-type-variable"},"jetpack_sharing_enabled":true,"_links":{"self":[{"href":"https:\/\/www.deporteseli.com\/index.php?rest_route=\/wp\/v2\/product\/39575","targetHints":{"allow":["GET"]}}],"collection":[{"href":"https:\/\/www.deporteseli.com\/index.php?rest_route=\/wp\/v2\/product"}],"about":[{"href":"https:\/\/www.deporteseli.com\/index.php?rest_route=\/wp\/v2\/types\/product"}],"wp:featuredmedia":[{"embeddable":true,"href":"https:\/\/www.deporteseli.com\/index.php?rest_route=\/wp\/v2\/media\/53716"}],"wp:attachment":[{"href":"https:\/\/www.deporteseli.com\/index.php?rest_route=%2Fwp%2Fv2%2Fmedia&parent=39575"}],"wp:term":[{"taxonomy":"product_brand","embeddable":true,"href":"https:\/\/www.deporteseli.com\/index.php?rest_route=%2Fwp%2Fv2%2Fproduct_brand&post=39575"},{"taxonomy":"product_cat","embeddable":true,"href":"https:\/\/www.deporteseli.com\/index.php?rest_route=%2Fwp%2Fv2%2Fproduct_cat&post=39575"},{"taxonomy":"product_tag","embeddable":true,"href":"https:\/\/www.deporteseli.com\/index.php?rest_route=%2Fwp%2Fv2%2Fproduct_tag&post=39575"}],"curies":[{"name":"wp","href":"https:\/\/api.w.org\/{rel}","templated":true}]}}