{"id":39571,"date":"2026-01-27T18:34:48","date_gmt":"2026-01-27T18:34:48","guid":{"rendered":"https:\/\/www.deporteseli.com\/?product=chandal-classics-hooded-fl-para-mujer"},"modified":"2026-03-07T05:34:53","modified_gmt":"2026-03-07T05:34:53","slug":"chandal-classics-hooded-fl-para-mujer","status":"publish","type":"product","link":"https:\/\/www.deporteseli.com\/?product=chandal-classics-hooded-fl-para-mujer","title":{"rendered":"CH\u00e1NDAL CLASSICS HOODED FL PARA MUJER"},"content":{"rendered":"<p>Las prendas de la colecci\u00f3n Classics exhiben la est\u00e9tica m\u00e1s minimalista de PUMA. Apuesta por un estilo cotidiano sencillo con este fant\u00e1stico ch\u00e1ndal.      CARACTER\u00cdSTICAS   BENEFICIOS  Fabricado con al menos un 30 % de material reciclado en su composici\u00f3n como paso hacia un futuro mejor.  El algod\u00f3n de los productos de PUMA procede de plantaciones que aplican los principios de la agricultura sostenible, como la eficiencia h\u00eddrica y la protecci\u00f3n de la salud del suelo. M\u00e1s informaci\u00f3n: PUMA.com\/FOREVER BETTER  DETALLES  Capucha forrada en punto de algod\u00f3n con cordones  Dobladillo curvado en la parte trasera de la chaqueta  Logotipo PUMA Cat estampado en goma en la parte izquierda del pecho  Cinturilla cortada y cosida con cord\u00f3n interior en los pantalones  Logotipo PUMA Cat estampado en goma en la pernera izquierda  Corte est\u00e1ndar  Punto de algod\u00f3n con forro de tejido polar  Composici\u00f3n  Exterior: 66% Algod\u00f3n, 34% Poli\u00e9ster                                                                                                                                                                                                                                                                                                                                                                                                                                                                                                                                                                                                                                                                                                                                                                                                                                                                                                                                                                                                                                        <\/p>\n","protected":false},"excerpt":{"rendered":"<p>CH\u00e1NDAL CLASSICS HOODED FL PARA MUJER<\/p>\n","protected":false},"featured_media":53712,"template":"","meta":[],"product_brand":[],"product_cat":[273],"product_tag":[32],"class_list":{"0":"post-39571","1":"product","2":"type-product","3":"status-publish","4":"has-post-thumbnail","6":"product_cat-mujer_textil_chandals","7":"product_tag-puma","8":"pa_color-unico","9":"pa_talla-l","10":"thunk-woo-product-list","11":"opn-qv-enable","12":"open-woo-hover-","13":"open-single-product-tab-horizontal","14":"open-shadow-","15":"open-shadow-hover-","17":"first","18":"instock","19":"shipping-taxable","20":"purchasable","21":"product-type-variable"},"jetpack_sharing_enabled":true,"_links":{"self":[{"href":"https:\/\/www.deporteseli.com\/index.php?rest_route=\/wp\/v2\/product\/39571","targetHints":{"allow":["GET"]}}],"collection":[{"href":"https:\/\/www.deporteseli.com\/index.php?rest_route=\/wp\/v2\/product"}],"about":[{"href":"https:\/\/www.deporteseli.com\/index.php?rest_route=\/wp\/v2\/types\/product"}],"wp:featuredmedia":[{"embeddable":true,"href":"https:\/\/www.deporteseli.com\/index.php?rest_route=\/wp\/v2\/media\/53712"}],"wp:attachment":[{"href":"https:\/\/www.deporteseli.com\/index.php?rest_route=%2Fwp%2Fv2%2Fmedia&parent=39571"}],"wp:term":[{"taxonomy":"product_brand","embeddable":true,"href":"https:\/\/www.deporteseli.com\/index.php?rest_route=%2Fwp%2Fv2%2Fproduct_brand&post=39571"},{"taxonomy":"product_cat","embeddable":true,"href":"https:\/\/www.deporteseli.com\/index.php?rest_route=%2Fwp%2Fv2%2Fproduct_cat&post=39571"},{"taxonomy":"product_tag","embeddable":true,"href":"https:\/\/www.deporteseli.com\/index.php?rest_route=%2Fwp%2Fv2%2Fproduct_tag&post=39571"}],"curies":[{"name":"wp","href":"https:\/\/api.w.org\/{rel}","templated":true}]}}