{"id":39568,"date":"2026-01-27T18:34:44","date_gmt":"2026-01-27T18:34:44","guid":{"rendered":"https:\/\/www.deporteseli.com\/?product=mallas-puma-fit-eversculpt"},"modified":"2026-03-07T05:34:51","modified_gmt":"2026-03-07T05:34:51","slug":"mallas-puma-fit-eversculpt","status":"publish","type":"product","link":"https:\/\/www.deporteseli.com\/?product=mallas-puma-fit-eversculpt","title":{"rendered":"MALLAS PUMA FIT EVERSCULPT"},"content":{"rendered":"<p>Mallas Puma Fit Eversculpt Color Block HW 7\/8 Tight  Negro-Koral Ice     Con la tecnolog\u00eda Eversculpt de PUMA FIT, estas mallas de entrenamiento est\u00e1n dise\u00f1adas para dar forma y abrazar el cuerpo sin sacrificar la comodidad del movimiento. Su construcci\u00f3n de tela resbaladiza y sus paneles de colores contrastantes agregan un nuevo giro a su estilo en la sala de estar o en la calle.    dryCELL: caracter\u00edstica de PUMA que ayuda a mantener la humedad lejos de la piel, ayud\u00e1ndote a mantenerte seco y c\u00f3modo  Contenido reciclado: Fabricado con al menos un 20 % de material reciclado. Es uno de los pasos de PUMA para reducir nuestro impacto ambiental.  EVERSCULPT: tejido de ropa deportiva compresivo que moldea el cuerpo que suaviza y brinda soporte sin restringir el movimiento  Medias tobilleras de tiro alto  Paneles laterales en contraste  Logotipo de PUMA en la pierna izquierda                                                                                                                                                                                                                                                                                                                                                                                                                                                                                                                                                                                                                                                                                                                                                                                                                                                                                                                                                                                                                                        <\/p>\n","protected":false},"excerpt":{"rendered":"<p>MALLAS PUMA FIT EVERSCULPT<\/p>\n","protected":false},"featured_media":53709,"template":"","meta":[],"product_brand":[],"product_cat":[281],"product_tag":[32],"class_list":{"0":"post-39568","1":"product","2":"type-product","3":"status-publish","4":"has-post-thumbnail","6":"product_cat-mujer_textil_mallas","7":"product_tag-puma","8":"pa_color-unico","9":"pa_talla-l","10":"pa_talla-s","11":"thunk-woo-product-list","12":"opn-qv-enable","13":"open-woo-hover-","14":"open-single-product-tab-horizontal","15":"open-shadow-","16":"open-shadow-hover-","18":"first","19":"instock","20":"shipping-taxable","21":"purchasable","22":"product-type-variable"},"jetpack_sharing_enabled":true,"_links":{"self":[{"href":"https:\/\/www.deporteseli.com\/index.php?rest_route=\/wp\/v2\/product\/39568","targetHints":{"allow":["GET"]}}],"collection":[{"href":"https:\/\/www.deporteseli.com\/index.php?rest_route=\/wp\/v2\/product"}],"about":[{"href":"https:\/\/www.deporteseli.com\/index.php?rest_route=\/wp\/v2\/types\/product"}],"wp:featuredmedia":[{"embeddable":true,"href":"https:\/\/www.deporteseli.com\/index.php?rest_route=\/wp\/v2\/media\/53709"}],"wp:attachment":[{"href":"https:\/\/www.deporteseli.com\/index.php?rest_route=%2Fwp%2Fv2%2Fmedia&parent=39568"}],"wp:term":[{"taxonomy":"product_brand","embeddable":true,"href":"https:\/\/www.deporteseli.com\/index.php?rest_route=%2Fwp%2Fv2%2Fproduct_brand&post=39568"},{"taxonomy":"product_cat","embeddable":true,"href":"https:\/\/www.deporteseli.com\/index.php?rest_route=%2Fwp%2Fv2%2Fproduct_cat&post=39568"},{"taxonomy":"product_tag","embeddable":true,"href":"https:\/\/www.deporteseli.com\/index.php?rest_route=%2Fwp%2Fv2%2Fproduct_tag&post=39568"}],"curies":[{"name":"wp","href":"https:\/\/api.w.org\/{rel}","templated":true}]}}