{"id":39559,"date":"2026-01-27T18:34:34","date_gmt":"2026-01-27T18:34:34","guid":{"rendered":"https:\/\/www.deporteseli.com\/?product=set-jhayber-dimension"},"modified":"2026-03-07T05:34:41","modified_gmt":"2026-03-07T05:34:41","slug":"set-jhayber-dimension","status":"publish","type":"product","link":"https:\/\/www.deporteseli.com\/?product=set-jhayber-dimension","title":{"rendered":"SET JHAYBER DIMENSION"},"content":{"rendered":"<p>conjunto deportivo para hombre, en color blanco con dise\u00f1o moderno en tono negro. La camiseta est\u00e1 fabricada con un tejido resistente y ligero, como es el poli\u00e9ster, para garantizar su r\u00e1pido secado, y con elastano, que favorece la elasticidad y flexibilidad. Esta camiseta t\u00e9cnica es perfecta para la pr\u00e1ctica de todo tipo de deportes.    La camiseta de manga corta modelo DIMENSION es muy transpirable, ya que toda la espalda est\u00e1 confeccionada con la tecnolog\u00eda DRYGEAR de dispersi\u00f3n de sudor, que facilita la transpiraci\u00f3n gracias a un secado r\u00e1pido.    Esta camiseta t\u00e9cnica est\u00e1 fabricada con la tecnolog\u00eda SINCRONIC, que evita arrugas y deformaci\u00f3n en los tejidos.    Otras caracter\u00edsticas:    &#8211; Cinta cubre costuras en el cuello para un contacto m\u00e1s suave con la piel.    &#8211; Etiqueta de talla impresa en camiseta para evitar roces.    Fabricaci\u00f3n: 100% Poli\u00e9ster con elastano    Tecnolog\u00edas de las camisetas t\u00e9cnicas J\u2019hayber:    &#8211; ADAPTEX: Facilita la adaptabilidad y la flexibilidad. Tejido ligero, anti-adherente y de secado r\u00e1pido.    &#8211; DRYGEAR: Tecnolog\u00eda de dispersi\u00f3n de sudor. Facilita la transpiraci\u00f3n gracias a un secado r\u00e1pido que evita que el tejido se adhiera a la piel.    &#8211; FLEXYDRY: Prenda con elastano, que favorece la elasticidad y flexibilidad, y poli\u00e9ster, que garantiza su r\u00e1pido secado.    &#8211; SINCRONIC: Tecnolog\u00eda que evita arrugas y deformaci\u00f3n de los tejidos. Prenda ligera con acabado perchado en su interior, que favorece el volumen y densidad.    &#8211; WINDPROTEX: Tecnolog\u00eda que protege del viento y de la lluvia suave.                                                                                                                                                                                                                                                                                                                                                                                                                                                                                                                                                                                                                                                                                                                                                                                                                                                                                                                                                                                                                                        <\/p>\n","protected":false},"excerpt":{"rendered":"<p>SET JHAYBER DIMENSION<\/p>\n","protected":false},"featured_media":53704,"template":"","meta":[],"product_brand":[],"product_cat":[367],"product_tag":[],"class_list":{"0":"post-39559","1":"product","2":"type-product","3":"status-publish","4":"has-post-thumbnail","6":"product_cat-padel_y_tenis_textil_conjuntos","7":"pa_color-unico","8":"pa_talla-xxl","9":"thunk-woo-product-list","10":"opn-qv-enable","11":"open-woo-hover-","12":"open-single-product-tab-horizontal","13":"open-shadow-","14":"open-shadow-hover-","16":"first","17":"instock","18":"shipping-taxable","19":"purchasable","20":"product-type-variable"},"jetpack_sharing_enabled":true,"_links":{"self":[{"href":"https:\/\/www.deporteseli.com\/index.php?rest_route=\/wp\/v2\/product\/39559","targetHints":{"allow":["GET"]}}],"collection":[{"href":"https:\/\/www.deporteseli.com\/index.php?rest_route=\/wp\/v2\/product"}],"about":[{"href":"https:\/\/www.deporteseli.com\/index.php?rest_route=\/wp\/v2\/types\/product"}],"wp:featuredmedia":[{"embeddable":true,"href":"https:\/\/www.deporteseli.com\/index.php?rest_route=\/wp\/v2\/media\/53704"}],"wp:attachment":[{"href":"https:\/\/www.deporteseli.com\/index.php?rest_route=%2Fwp%2Fv2%2Fmedia&parent=39559"}],"wp:term":[{"taxonomy":"product_brand","embeddable":true,"href":"https:\/\/www.deporteseli.com\/index.php?rest_route=%2Fwp%2Fv2%2Fproduct_brand&post=39559"},{"taxonomy":"product_cat","embeddable":true,"href":"https:\/\/www.deporteseli.com\/index.php?rest_route=%2Fwp%2Fv2%2Fproduct_cat&post=39559"},{"taxonomy":"product_tag","embeddable":true,"href":"https:\/\/www.deporteseli.com\/index.php?rest_route=%2Fwp%2Fv2%2Fproduct_tag&post=39559"}],"curies":[{"name":"wp","href":"https:\/\/api.w.org\/{rel}","templated":true}]}}