{"id":39532,"date":"2026-01-27T18:33:59","date_gmt":"2026-01-27T18:33:59","guid":{"rendered":"https:\/\/www.deporteseli.com\/?product=proteccion-de-rodilla-y-manga-de-compresion"},"modified":"2026-01-27T18:34:05","modified_gmt":"2026-01-27T18:34:05","slug":"proteccion-de-rodilla-y-manga-de-compresion","status":"publish","type":"product","link":"https:\/\/www.deporteseli.com\/?product=proteccion-de-rodilla-y-manga-de-compresion","title":{"rendered":"PROTECCI\u00f3N DE RODILLA Y MANGA DE COMPRESI\u00f3N."},"content":{"rendered":"<p>La MANGA CORTA hummel\u00ae PROTECTION KNEE est\u00e1 dise\u00f1ada para ayudar a un rendimiento \u00f3ptimo. Durante los deportes de alta intensidad tus m\u00fasculos necesitan ox\u00edgeno. Esta manga asegura la m\u00e1xima compresi\u00f3n en la rodilla para aumentar el flujo de sangre mientras apoya toda la gama de movimiento de la articulaci\u00f3n. Cuenta con un patr\u00f3n de espuma dise\u00f1ado anat\u00f3micamente con alta resistencia al impacto desde cualquier \u00e1ngulo de articulaci\u00f3n para una m\u00e1xima protecci\u00f3n. Disfrute de una mayor resistencia, un mayor rendimiento, menos calambres musculares y una recuperaci\u00f3n m\u00e1s r\u00e1pida. Use mangas de compresi\u00f3n cuando necesite una recuperaci\u00f3n r\u00e1pida, desee disminuir la posibilidad de lesiones y quiera un cuerpo m\u00e1s saludable antes y despu\u00e9s del entrenamiento.                                                                                                                                                                                                                                                                                                                                                                                                                                                                                                                                                                                                                                                                                                                                                                                                                                                                                                                                                                                                                                        <\/p>\n","protected":false},"excerpt":{"rendered":"<p>PROTECCI\u00f3N DE RODILLA Y MANGA DE COMPRESI\u00f3N.<\/p>\n","protected":false},"featured_media":53690,"template":"","meta":[],"product_brand":[],"product_cat":[349],"product_tag":[55],"class_list":{"0":"post-39532","1":"product","2":"type-product","3":"status-publish","4":"has-post-thumbnail","6":"product_cat-deportes_volley","7":"product_tag-hummel","8":"pa_color-unico","9":"pa_talla-l","10":"pa_talla-m","11":"pa_talla-s","12":"pa_talla-xs","13":"thunk-woo-product-list","14":"opn-qv-enable","15":"open-woo-hover-","16":"open-single-product-tab-horizontal","17":"open-shadow-","18":"open-shadow-hover-","20":"first","21":"instock","22":"sale","23":"shipping-taxable","24":"purchasable","25":"product-type-variable"},"jetpack_sharing_enabled":true,"_links":{"self":[{"href":"https:\/\/www.deporteseli.com\/index.php?rest_route=\/wp\/v2\/product\/39532","targetHints":{"allow":["GET"]}}],"collection":[{"href":"https:\/\/www.deporteseli.com\/index.php?rest_route=\/wp\/v2\/product"}],"about":[{"href":"https:\/\/www.deporteseli.com\/index.php?rest_route=\/wp\/v2\/types\/product"}],"wp:featuredmedia":[{"embeddable":true,"href":"https:\/\/www.deporteseli.com\/index.php?rest_route=\/wp\/v2\/media\/53690"}],"wp:attachment":[{"href":"https:\/\/www.deporteseli.com\/index.php?rest_route=%2Fwp%2Fv2%2Fmedia&parent=39532"}],"wp:term":[{"taxonomy":"product_brand","embeddable":true,"href":"https:\/\/www.deporteseli.com\/index.php?rest_route=%2Fwp%2Fv2%2Fproduct_brand&post=39532"},{"taxonomy":"product_cat","embeddable":true,"href":"https:\/\/www.deporteseli.com\/index.php?rest_route=%2Fwp%2Fv2%2Fproduct_cat&post=39532"},{"taxonomy":"product_tag","embeddable":true,"href":"https:\/\/www.deporteseli.com\/index.php?rest_route=%2Fwp%2Fv2%2Fproduct_tag&post=39532"}],"curies":[{"name":"wp","href":"https:\/\/api.w.org\/{rel}","templated":true}]}}