{"id":39519,"date":"2026-01-27T18:33:43","date_gmt":"2026-01-27T18:33:43","guid":{"rendered":"https:\/\/www.deporteseli.com\/?product=calcetines-clasicos-linear-cushioned-2"},"modified":"2026-04-24T04:17:24","modified_gmt":"2026-04-24T04:17:24","slug":"calcetines-clasicos-linear-cushioned-2","status":"publish","type":"product","link":"https:\/\/www.deporteseli.com\/?product=calcetines-clasicos-linear-cushioned-2","title":{"rendered":"CALCETINES CL\u00e1SICOS LINEAR CUSHIONED"},"content":{"rendered":"<p>CONFORT Y ESTILO PARA TUS PIES  Estos calcetines adidas presentan un largo cl\u00e1sico y un dise\u00f1o c\u00f3modo. Los pu\u00f1os de canal\u00e9 ayudan a que se mantengan en su sitio y los paneles acolchados en la puntera y el tal\u00f3n te ofrecen una pisada m\u00e1s c\u00f3moda. Prep\u00e1rate para una semana de entrenamientos y diversi\u00f3n con este pack de tres pares.    Este producto contiene al menos un 50% de materiales reciclados y renovables.  Largo cl\u00e1sico  75% algod\u00f3n \/ 22% poli\u00e9ster reciclado \/ 2% elast\u00e1n \/ 1% nailon reciclado  Tres pares por paquete  Amortiguaci\u00f3n en la puntera y el tal\u00f3n  Pu\u00f1os de canal\u00e9  Color del art\u00edculo: Black \/ White  N\u00famero de art\u00edculo: IC1301                                                                                                                                                                                                                                                                                                                                                                                                                                                                                                                                                                                                                                                                                                                                                                                                                                                                                                                                                                                                                                        <\/p>\n","protected":false},"excerpt":{"rendered":"<p>CALCETINES CL\u00e1SICOS LINEAR CUSHIONED<\/p>\n","protected":false},"featured_media":53686,"template":"","meta":[],"product_brand":[],"product_cat":[400],"product_tag":[18],"class_list":{"0":"post-39519","1":"product","2":"type-product","3":"status-publish","4":"has-post-thumbnail","6":"product_cat-accesorios_calcetines","7":"product_tag-adidas","8":"pa_color-unico","9":"pa_talla-l","10":"pa_talla-m","11":"pa_talla-s","12":"pa_talla-t-12","13":"pa_talla-t-14","14":"pa_talla-xs","15":"thunk-woo-product-list","16":"opn-qv-enable","17":"open-woo-hover-","18":"open-single-product-tab-horizontal","19":"open-shadow-","20":"open-shadow-hover-","22":"first","23":"instock","24":"shipping-taxable","25":"purchasable","26":"product-type-variable"},"jetpack_sharing_enabled":true,"_links":{"self":[{"href":"https:\/\/www.deporteseli.com\/index.php?rest_route=\/wp\/v2\/product\/39519","targetHints":{"allow":["GET"]}}],"collection":[{"href":"https:\/\/www.deporteseli.com\/index.php?rest_route=\/wp\/v2\/product"}],"about":[{"href":"https:\/\/www.deporteseli.com\/index.php?rest_route=\/wp\/v2\/types\/product"}],"wp:featuredmedia":[{"embeddable":true,"href":"https:\/\/www.deporteseli.com\/index.php?rest_route=\/wp\/v2\/media\/53686"}],"wp:attachment":[{"href":"https:\/\/www.deporteseli.com\/index.php?rest_route=%2Fwp%2Fv2%2Fmedia&parent=39519"}],"wp:term":[{"taxonomy":"product_brand","embeddable":true,"href":"https:\/\/www.deporteseli.com\/index.php?rest_route=%2Fwp%2Fv2%2Fproduct_brand&post=39519"},{"taxonomy":"product_cat","embeddable":true,"href":"https:\/\/www.deporteseli.com\/index.php?rest_route=%2Fwp%2Fv2%2Fproduct_cat&post=39519"},{"taxonomy":"product_tag","embeddable":true,"href":"https:\/\/www.deporteseli.com\/index.php?rest_route=%2Fwp%2Fv2%2Fproduct_tag&post=39519"}],"curies":[{"name":"wp","href":"https:\/\/api.w.org\/{rel}","templated":true}]}}