{"id":39514,"date":"2026-01-27T18:33:37","date_gmt":"2026-01-27T18:33:37","guid":{"rendered":"https:\/\/www.deporteseli.com\/?product=espinilleras-x-league"},"modified":"2026-01-27T18:33:39","modified_gmt":"2026-01-27T18:33:39","slug":"espinilleras-x-league","status":"publish","type":"product","link":"https:\/\/www.deporteseli.com\/?product=espinilleras-x-league","title":{"rendered":"ESPINILLERAS X LEAGUE"},"content":{"rendered":"<p>SUP\u00c9RALOS POR VELOCIDAD  Estas espinilleras de f\u00fatbol forman parte de la colecci\u00f3n adidas X creada para que te muevas a la velocidad de la luz. Su dise\u00f1o ligero con perfil asim\u00e9trico garantiza un ajuste perfecto y las medias de compresi\u00f3n el\u00e1sticas evitan que se desplacen. El refuerzo interior perforado favorece la ventilaci\u00f3n y absorbe los impactos.    Este producto se ha fabricado con material reciclado proveniente de retales, restos y residuos dom\u00e9sticos para evitar un mayor impacto medioambiental y la producci\u00f3n de materiales v\u00edrgenes.  Placa: 100% resina moldeada por inyecci\u00f3n  Media: tejido t\u00e9cnico 86% poli\u00e9ster reciclado \/ 14% goma  Refuerzo interior acolchado de EVA  Incluyen medias de compresi\u00f3n  Color del art\u00edculo: White \/ Black \/ Lucid Lemon  N\u00famero de art\u00edculo: IA0841                                                                                                                                                                                                                                                                                                                                                                                                                                                                                                                                                                                                                                                                                                                                                                                                                                                                                                                                                                                                                                        <\/p>\n","protected":false},"excerpt":{"rendered":"<p>ESPINILLERAS X LEAGUE<\/p>\n","protected":false},"featured_media":53681,"template":"","meta":[],"product_brand":[],"product_cat":[324],"product_tag":[18],"class_list":{"0":"post-39514","1":"product","2":"type-product","3":"status-publish","4":"has-post-thumbnail","6":"product_cat-deportes_futbol_canilleras","7":"product_tag-adidas","8":"pa_color-unico","9":"pa_talla-l","10":"pa_talla-xl","11":"thunk-woo-product-list","12":"opn-qv-enable","13":"open-woo-hover-","14":"open-single-product-tab-horizontal","15":"open-shadow-","16":"open-shadow-hover-","18":"first","19":"instock","20":"shipping-taxable","21":"purchasable","22":"product-type-variable"},"jetpack_sharing_enabled":true,"_links":{"self":[{"href":"https:\/\/www.deporteseli.com\/index.php?rest_route=\/wp\/v2\/product\/39514","targetHints":{"allow":["GET"]}}],"collection":[{"href":"https:\/\/www.deporteseli.com\/index.php?rest_route=\/wp\/v2\/product"}],"about":[{"href":"https:\/\/www.deporteseli.com\/index.php?rest_route=\/wp\/v2\/types\/product"}],"wp:featuredmedia":[{"embeddable":true,"href":"https:\/\/www.deporteseli.com\/index.php?rest_route=\/wp\/v2\/media\/53681"}],"wp:attachment":[{"href":"https:\/\/www.deporteseli.com\/index.php?rest_route=%2Fwp%2Fv2%2Fmedia&parent=39514"}],"wp:term":[{"taxonomy":"product_brand","embeddable":true,"href":"https:\/\/www.deporteseli.com\/index.php?rest_route=%2Fwp%2Fv2%2Fproduct_brand&post=39514"},{"taxonomy":"product_cat","embeddable":true,"href":"https:\/\/www.deporteseli.com\/index.php?rest_route=%2Fwp%2Fv2%2Fproduct_cat&post=39514"},{"taxonomy":"product_tag","embeddable":true,"href":"https:\/\/www.deporteseli.com\/index.php?rest_route=%2Fwp%2Fv2%2Fproduct_tag&post=39514"}],"curies":[{"name":"wp","href":"https:\/\/api.w.org\/{rel}","templated":true}]}}