{"id":39512,"date":"2026-01-27T18:33:34","date_gmt":"2026-01-27T18:33:34","guid":{"rendered":"https:\/\/www.deporteseli.com\/?product=calcetines-clasicos-linear-cushioned"},"modified":"2026-01-27T18:33:36","modified_gmt":"2026-01-27T18:33:36","slug":"calcetines-clasicos-linear-cushioned","status":"publish","type":"product","link":"https:\/\/www.deporteseli.com\/?product=calcetines-clasicos-linear-cushioned","title":{"rendered":"CALCETINES CL\u00e1SICOS LINEAR CUSHIONED"},"content":{"rendered":"<p>CONFORT Y ESTILO PARA TUS PIES  Estos calcetines adidas presentan un largo cl\u00e1sico y un dise\u00f1o c\u00f3modo. Los pu\u00f1os de canal\u00e9 ayudan a que se mantengan en su sitio y los paneles acolchados en la puntera y el tal\u00f3n te ofrecen una pisada m\u00e1s c\u00f3moda. Prep\u00e1rate para una semana de entrenamientos y diversi\u00f3n con este pack de tres pares.    Este producto contiene al menos un 50% de materiales reciclados y renovables.  Largo cl\u00e1sico  75% algod\u00f3n \/ 22% poli\u00e9ster reciclado \/ 2% elast\u00e1n \/ 1% nailon reciclado  Tres pares por paquete  Amortiguaci\u00f3n en la puntera y el tal\u00f3n  Pu\u00f1os de canal\u00e9  Color del art\u00edculo: Medium Grey Heather \/ White \/ Black  N\u00famero de art\u00edculo: IC1302                                                                                                                                                                                                                                                                                                                                                                                                                                                                                                                                                                                                                                                                                                                                                                                                                                                                                                                                                                                                                                        <\/p>\n","protected":false},"excerpt":{"rendered":"<p>CALCETINES CL\u00e1SICOS LINEAR CUSHIONED<\/p>\n","protected":false},"featured_media":53680,"template":"","meta":[],"product_brand":[],"product_cat":[400],"product_tag":[18],"class_list":{"0":"post-39512","1":"product","2":"type-product","3":"status-publish","4":"has-post-thumbnail","6":"product_cat-accesorios_calcetines","7":"product_tag-adidas","8":"pa_color-unico","9":"pa_talla-l","10":"thunk-woo-product-list","11":"opn-qv-enable","12":"open-woo-hover-","13":"open-single-product-tab-horizontal","14":"open-shadow-","15":"open-shadow-hover-","17":"first","18":"instock","19":"shipping-taxable","20":"purchasable","21":"product-type-variable"},"jetpack_sharing_enabled":true,"_links":{"self":[{"href":"https:\/\/www.deporteseli.com\/index.php?rest_route=\/wp\/v2\/product\/39512","targetHints":{"allow":["GET"]}}],"collection":[{"href":"https:\/\/www.deporteseli.com\/index.php?rest_route=\/wp\/v2\/product"}],"about":[{"href":"https:\/\/www.deporteseli.com\/index.php?rest_route=\/wp\/v2\/types\/product"}],"wp:featuredmedia":[{"embeddable":true,"href":"https:\/\/www.deporteseli.com\/index.php?rest_route=\/wp\/v2\/media\/53680"}],"wp:attachment":[{"href":"https:\/\/www.deporteseli.com\/index.php?rest_route=%2Fwp%2Fv2%2Fmedia&parent=39512"}],"wp:term":[{"taxonomy":"product_brand","embeddable":true,"href":"https:\/\/www.deporteseli.com\/index.php?rest_route=%2Fwp%2Fv2%2Fproduct_brand&post=39512"},{"taxonomy":"product_cat","embeddable":true,"href":"https:\/\/www.deporteseli.com\/index.php?rest_route=%2Fwp%2Fv2%2Fproduct_cat&post=39512"},{"taxonomy":"product_tag","embeddable":true,"href":"https:\/\/www.deporteseli.com\/index.php?rest_route=%2Fwp%2Fv2%2Fproduct_tag&post=39512"}],"curies":[{"name":"wp","href":"https:\/\/api.w.org\/{rel}","templated":true}]}}