{"id":39501,"date":"2026-01-27T18:33:21","date_gmt":"2026-01-27T18:33:21","guid":{"rendered":"https:\/\/www.deporteseli.com\/?product=leggings-champion"},"modified":"2026-03-07T05:34:23","modified_gmt":"2026-03-07T05:34:23","slug":"leggings-champion","status":"publish","type":"product","link":"https:\/\/www.deporteseli.com\/?product=leggings-champion","title":{"rendered":"LEGGINGS CHAMPION"},"content":{"rendered":"<p>Un tratamiento de logotipo bitonal multiplica el estilo retro college de estos leggings. La prenda perfecta para cuando quiera relajarse o explorar.  404812_KK001  Logotipo Bookstore bicolor  Cintura el\u00e1stica con cord\u00f3n de ajuste y pu\u00f1os acanalados  Felpa perchada Power Blend ultraligera de 240 g\/m\u00b2  52 % algod\u00f3n, 48 % elastano  Corte est\u00e1ndar                                                                                                                                                                                                                                                                                                                                                                                                                                                                                                                                                                                                                                                                                                                                                                                                                                                                                                                                                                                                                                        <\/p>\n","protected":false},"excerpt":{"rendered":"<p>LEGGINGS CHAMPION<\/p>\n","protected":false},"featured_media":53671,"template":"","meta":[],"product_brand":[],"product_cat":[386],"product_tag":[51],"class_list":{"0":"post-39501","1":"product","2":"type-product","3":"status-publish","4":"has-post-thumbnail","6":"product_cat-ninas_textil_mallas","7":"product_tag-champion","8":"pa_color-unico","9":"pa_talla-l","10":"pa_talla-m","11":"pa_talla-xl","12":"pa_talla-xxl","13":"thunk-woo-product-list","14":"opn-qv-enable","15":"open-woo-hover-","16":"open-single-product-tab-horizontal","17":"open-shadow-","18":"open-shadow-hover-","20":"first","21":"instock","22":"shipping-taxable","23":"purchasable","24":"product-type-variable"},"jetpack_sharing_enabled":true,"_links":{"self":[{"href":"https:\/\/www.deporteseli.com\/index.php?rest_route=\/wp\/v2\/product\/39501","targetHints":{"allow":["GET"]}}],"collection":[{"href":"https:\/\/www.deporteseli.com\/index.php?rest_route=\/wp\/v2\/product"}],"about":[{"href":"https:\/\/www.deporteseli.com\/index.php?rest_route=\/wp\/v2\/types\/product"}],"wp:featuredmedia":[{"embeddable":true,"href":"https:\/\/www.deporteseli.com\/index.php?rest_route=\/wp\/v2\/media\/53671"}],"wp:attachment":[{"href":"https:\/\/www.deporteseli.com\/index.php?rest_route=%2Fwp%2Fv2%2Fmedia&parent=39501"}],"wp:term":[{"taxonomy":"product_brand","embeddable":true,"href":"https:\/\/www.deporteseli.com\/index.php?rest_route=%2Fwp%2Fv2%2Fproduct_brand&post=39501"},{"taxonomy":"product_cat","embeddable":true,"href":"https:\/\/www.deporteseli.com\/index.php?rest_route=%2Fwp%2Fv2%2Fproduct_cat&post=39501"},{"taxonomy":"product_tag","embeddable":true,"href":"https:\/\/www.deporteseli.com\/index.php?rest_route=%2Fwp%2Fv2%2Fproduct_tag&post=39501"}],"curies":[{"name":"wp","href":"https:\/\/api.w.org\/{rel}","templated":true}]}}